{"id":94272,"date":"2026-04-21T02:11:07","date_gmt":"2026-04-21T08:11:07","guid":{"rendered":"https:\/\/www.veneciacr.com\/index.php\/producto\/bateria-d-alcalina-al-d-volteck\/"},"modified":"2026-04-21T02:11:09","modified_gmt":"2026-04-21T08:11:09","slug":"bateria-d-alcalina-al-d-volteck","status":"publish","type":"product","link":"https:\/\/www.veneciacr.com\/index.php\/producto\/bateria-d-alcalina-al-d-volteck\/","title":{"rendered":"BATERIA D ALCALINA AL-D VOLTECK"},"content":{"rendered":"<p>Pila alcalina tama\u00f1o D, bl\u00edster con 2 pzas, Volteck<br \/>\nM\u00e1xima duraci\u00f3n<br \/>\nNo contienen mercurio ni cadmio<br \/>\nMisma duraci\u00f3n que las marcas m\u00e1s reconocidas<br \/>\nLas pilas alcalinas son de mayor duraci\u00f3n que las normales y menos perjudiciales para el medio ambiente<br \/>\nPara dispositivos con un mayor consumo de energ\u00eda<\/p>\n<p>Especificaciones<br \/>\nSistema electroqu\u00edmico Alcalina<br \/>\nTama\u00f1o de la Bater\u00eda D<br \/>\nGeometr\u00eda de la pila Cil\u00edndrica<br \/>\nVoltaje 1.5 V<br \/>\nDi\u00e1metro 32.3 mm<br \/>\nAltura 59.5 mm<br \/>\nDuraci\u00f3n m\u00ednima promedio 1 100 minutos<br \/>\nCaducidad 5 A\u00f1os<br \/>\nN\u00famero de piezas 2<br \/>\nEmpaque individual Bl\u00edster<\/p>\n","protected":false},"excerpt":{"rendered":"<p>Pila alcalina tama\u00f1o D, bl\u00edster con 2 pzas, Volteck M\u00e1xima duraci\u00f3n No contienen mercurio ni cadmio Misma duraci\u00f3n que las<\/p>\n","protected":false},"featured_media":94273,"comment_status":"closed","ping_status":"open","template":"","meta":[],"product_brand":[],"product_cat":[15],"product_tag":[],"class_list":{"0":"post-94272","1":"product","2":"type-product","3":"status-publish","4":"has-post-thumbnail","6":"product_cat-uncategorized","8":"first","9":"outofstock","10":"purchasable","11":"product-type-simple"},"jetpack_sharing_enabled":true,"_links":{"self":[{"href":"https:\/\/www.veneciacr.com\/index.php\/wp-json\/wp\/v2\/product\/94272","targetHints":{"allow":["GET"]}}],"collection":[{"href":"https:\/\/www.veneciacr.com\/index.php\/wp-json\/wp\/v2\/product"}],"about":[{"href":"https:\/\/www.veneciacr.com\/index.php\/wp-json\/wp\/v2\/types\/product"}],"replies":[{"embeddable":true,"href":"https:\/\/www.veneciacr.com\/index.php\/wp-json\/wp\/v2\/comments?post=94272"}],"wp:featuredmedia":[{"embeddable":true,"href":"https:\/\/www.veneciacr.com\/index.php\/wp-json\/wp\/v2\/media\/94273"}],"wp:attachment":[{"href":"https:\/\/www.veneciacr.com\/index.php\/wp-json\/wp\/v2\/media?parent=94272"}],"wp:term":[{"taxonomy":"product_brand","embeddable":true,"href":"https:\/\/www.veneciacr.com\/index.php\/wp-json\/wp\/v2\/product_brand?post=94272"},{"taxonomy":"product_cat","embeddable":true,"href":"https:\/\/www.veneciacr.com\/index.php\/wp-json\/wp\/v2\/product_cat?post=94272"},{"taxonomy":"product_tag","embeddable":true,"href":"https:\/\/www.veneciacr.com\/index.php\/wp-json\/wp\/v2\/product_tag?post=94272"}],"curies":[{"name":"wp","href":"https:\/\/api.w.org\/{rel}","templated":true}]}}