{"id":94268,"date":"2026-05-01T01:59:25","date_gmt":"2026-05-01T07:59:25","guid":{"rendered":"https:\/\/www.veneciacr.com\/index.php\/producto\/guante-piel-cabra-gu-725-truper-2\/"},"modified":"2026-05-01T01:59:25","modified_gmt":"2026-05-01T07:59:25","slug":"guante-piel-cabra-gu-725-truper","status":"publish","type":"product","link":"https:\/\/www.veneciacr.com\/index.php\/producto\/guante-piel-cabra-gu-725-truper\/","title":{"rendered":"GUANTE PIEL CABRA GU-725 TRUPER"},"content":{"rendered":"<p>Fabricados en piel de cabra, que proporcionan sensibilidad, comodidad y resistencia a la abrasi\u00f3n<br \/>\nAlta durabilidad, flexibilidad y confort<br \/>\nPu\u00f1o ajustado que protege la mu\u00f1eca y evita que se salga el guante<br \/>\nPIEL DE CABRA<\/p>\n<p>ESPECIFICACIONES<br \/>\nTalla: Unitalla<br \/>\nColor : Blanco<br \/>\nEmpaque individual: Caballete<\/p>\n<p>Aplicaciones<br \/>\nExcelente en el trabajo con cables, alambres e instalaciones el\u00e9ctricas no energizadas<br \/>\nPara manipulaci\u00f3n de piezas peque\u00f1as<\/p>\n<p>CUIDADOS<br \/>\nTodo equipo de seguridad deber\u00e1 ser inspeccionado antes de utilizarse, para as\u00ed descartar alg\u00fan defecto de fabricaci\u00f3n<br \/>\nEvitar el contacto con aceites y grasas<\/p>\n","protected":false},"excerpt":{"rendered":"<p>Fabricados en piel de cabra, que proporcionan sensibilidad, comodidad y resistencia a la abrasi\u00f3n Alta durabilidad, flexibilidad y confort Pu\u00f1o<\/p>\n","protected":false},"featured_media":78147,"comment_status":"closed","ping_status":"open","template":"","meta":[],"product_brand":[],"product_cat":[23,88],"product_tag":[],"class_list":{"0":"post-94268","1":"product","2":"type-product","3":"status-publish","4":"has-post-thumbnail","6":"product_cat-herramientas","7":"product_cat-proteccion-y-seguridad","9":"first","10":"instock","11":"purchasable","12":"product-type-simple"},"jetpack_sharing_enabled":true,"_links":{"self":[{"href":"https:\/\/www.veneciacr.com\/index.php\/wp-json\/wp\/v2\/product\/94268","targetHints":{"allow":["GET"]}}],"collection":[{"href":"https:\/\/www.veneciacr.com\/index.php\/wp-json\/wp\/v2\/product"}],"about":[{"href":"https:\/\/www.veneciacr.com\/index.php\/wp-json\/wp\/v2\/types\/product"}],"replies":[{"embeddable":true,"href":"https:\/\/www.veneciacr.com\/index.php\/wp-json\/wp\/v2\/comments?post=94268"}],"wp:featuredmedia":[{"embeddable":true,"href":"https:\/\/www.veneciacr.com\/index.php\/wp-json\/wp\/v2\/media\/78147"}],"wp:attachment":[{"href":"https:\/\/www.veneciacr.com\/index.php\/wp-json\/wp\/v2\/media?parent=94268"}],"wp:term":[{"taxonomy":"product_brand","embeddable":true,"href":"https:\/\/www.veneciacr.com\/index.php\/wp-json\/wp\/v2\/product_brand?post=94268"},{"taxonomy":"product_cat","embeddable":true,"href":"https:\/\/www.veneciacr.com\/index.php\/wp-json\/wp\/v2\/product_cat?post=94268"},{"taxonomy":"product_tag","embeddable":true,"href":"https:\/\/www.veneciacr.com\/index.php\/wp-json\/wp\/v2\/product_tag?post=94268"}],"curies":[{"name":"wp","href":"https:\/\/api.w.org\/{rel}","templated":true}]}}