{"id":94265,"date":"2026-04-21T02:11:10","date_gmt":"2026-04-21T08:11:10","guid":{"rendered":"https:\/\/www.veneciacr.com\/index.php\/producto\/control-automatico-para-bomba-agua-1-5hp-cpb-180-truper\/"},"modified":"2026-04-21T02:11:12","modified_gmt":"2026-04-21T08:11:12","slug":"control-automatico-para-bomba-agua-1-5hp-cpb-180-truper","status":"publish","type":"product","link":"https:\/\/www.veneciacr.com\/index.php\/producto\/control-automatico-para-bomba-agua-1-5hp-cpb-180-truper\/","title":{"rendered":"CONTROL AUTOMATICO PARA BOMBA AGUA 1.5HP CPB-180 TRUPER"},"content":{"rendered":"<p>Encendido autom\u00e1tico al detectar flujo de agua<\/p>\n<p>Sensor de flujo que protege la bomba contra da\u00f1os causados por el funcionamiento en seco<\/p>\n<p>Para bombas perif\u00e9ricas, perif\u00e9ricas autocebantes, centr\u00edfugas, tipo jet, presurizadoras y presurizadoras multietapas de 1\/2 hasta 1 1\/2 HP (excepto bombas sumergibles)<\/p>\n<p>Luz indicadora LED<\/p>\n<p>Presi\u00f3n regulable par ajustar operaci\u00f3n con diferentes bombas<\/p>\n","protected":false},"excerpt":{"rendered":"<p>Encendido autom\u00e1tico al detectar flujo de agua Sensor de flujo que protege la bomba contra da\u00f1os causados por el funcionamiento<\/p>\n","protected":false},"featured_media":94302,"comment_status":"closed","ping_status":"open","template":"","meta":[],"product_brand":[],"product_cat":[15],"product_tag":[],"class_list":{"0":"post-94265","1":"product","2":"type-product","3":"status-publish","4":"has-post-thumbnail","6":"product_cat-uncategorized","8":"first","9":"instock","10":"purchasable","11":"product-type-simple"},"jetpack_sharing_enabled":true,"_links":{"self":[{"href":"https:\/\/www.veneciacr.com\/index.php\/wp-json\/wp\/v2\/product\/94265","targetHints":{"allow":["GET"]}}],"collection":[{"href":"https:\/\/www.veneciacr.com\/index.php\/wp-json\/wp\/v2\/product"}],"about":[{"href":"https:\/\/www.veneciacr.com\/index.php\/wp-json\/wp\/v2\/types\/product"}],"replies":[{"embeddable":true,"href":"https:\/\/www.veneciacr.com\/index.php\/wp-json\/wp\/v2\/comments?post=94265"}],"wp:featuredmedia":[{"embeddable":true,"href":"https:\/\/www.veneciacr.com\/index.php\/wp-json\/wp\/v2\/media\/94302"}],"wp:attachment":[{"href":"https:\/\/www.veneciacr.com\/index.php\/wp-json\/wp\/v2\/media?parent=94265"}],"wp:term":[{"taxonomy":"product_brand","embeddable":true,"href":"https:\/\/www.veneciacr.com\/index.php\/wp-json\/wp\/v2\/product_brand?post=94265"},{"taxonomy":"product_cat","embeddable":true,"href":"https:\/\/www.veneciacr.com\/index.php\/wp-json\/wp\/v2\/product_cat?post=94265"},{"taxonomy":"product_tag","embeddable":true,"href":"https:\/\/www.veneciacr.com\/index.php\/wp-json\/wp\/v2\/product_tag?post=94265"}],"curies":[{"name":"wp","href":"https:\/\/api.w.org\/{rel}","templated":true}]}}