{"id":94261,"date":"2026-04-21T02:11:10","date_gmt":"2026-04-21T08:11:10","guid":{"rendered":"https:\/\/www.veneciacr.com\/index.php\/producto\/llanta-carretillo-10-solido-llh-10l-truper\/"},"modified":"2026-04-21T02:11:12","modified_gmt":"2026-04-21T08:11:12","slug":"llanta-carretillo-10-solido-llh-10l-truper","status":"publish","type":"product","link":"https:\/\/www.veneciacr.com\/index.php\/producto\/llanta-carretillo-10-solido-llh-10l-truper\/","title":{"rendered":"LLANTA CARRETILLO 10&#8243; SOLIDO LLH-10L TRUPER"},"content":{"rendered":"<p>Rueda de hule s\u00f3lido 10&#8243; de alto desempe\u00f1o, doble balero<br \/>\nRueda fabricada de hule s\u00f3lido de alto desempe\u00f1o, y rin de acero<br \/>\nGran resistencia al desgaste con suave rodamiento<br \/>\n2 Baleros con rodamientos de bolas de alta durabilidad<br \/>\nRefacci\u00f3n para diablos de aluminio marca Truper\u00ae<\/p>\n<p>Especificaciones<br \/>\nCarga m\u00e1xima por pieza 150 kg<br \/>\nDi\u00e1metro de rueda 10&#8243; (25 cm)<br \/>\nPisada 2-1\/2&#8243; (6.5 cm)<br \/>\nDi\u00e1metro de eje 5\/8&#8243; (1.6 cm)<br \/>\nLargo de eje 2-1\/4&#8243; (5.7 cm)<br \/>\nDi\u00e1metro de Rin 5-1\/2&#8243; (14 cm)<br \/>\nEmpaque individual Tarjeta<\/p>\n","protected":false},"excerpt":{"rendered":"<p>Rueda de hule s\u00f3lido 10&#8243; de alto desempe\u00f1o, doble balero Rueda fabricada de hule s\u00f3lido de alto desempe\u00f1o, y rin<\/p>\n","protected":false},"featured_media":94262,"comment_status":"closed","ping_status":"open","template":"","meta":[],"product_brand":[],"product_cat":[15],"product_tag":[],"class_list":{"0":"post-94261","1":"product","2":"type-product","3":"status-publish","4":"has-post-thumbnail","6":"product_cat-uncategorized","8":"first","9":"instock","10":"purchasable","11":"product-type-simple"},"jetpack_sharing_enabled":true,"_links":{"self":[{"href":"https:\/\/www.veneciacr.com\/index.php\/wp-json\/wp\/v2\/product\/94261","targetHints":{"allow":["GET"]}}],"collection":[{"href":"https:\/\/www.veneciacr.com\/index.php\/wp-json\/wp\/v2\/product"}],"about":[{"href":"https:\/\/www.veneciacr.com\/index.php\/wp-json\/wp\/v2\/types\/product"}],"replies":[{"embeddable":true,"href":"https:\/\/www.veneciacr.com\/index.php\/wp-json\/wp\/v2\/comments?post=94261"}],"wp:featuredmedia":[{"embeddable":true,"href":"https:\/\/www.veneciacr.com\/index.php\/wp-json\/wp\/v2\/media\/94262"}],"wp:attachment":[{"href":"https:\/\/www.veneciacr.com\/index.php\/wp-json\/wp\/v2\/media?parent=94261"}],"wp:term":[{"taxonomy":"product_brand","embeddable":true,"href":"https:\/\/www.veneciacr.com\/index.php\/wp-json\/wp\/v2\/product_brand?post=94261"},{"taxonomy":"product_cat","embeddable":true,"href":"https:\/\/www.veneciacr.com\/index.php\/wp-json\/wp\/v2\/product_cat?post=94261"},{"taxonomy":"product_tag","embeddable":true,"href":"https:\/\/www.veneciacr.com\/index.php\/wp-json\/wp\/v2\/product_tag?post=94261"}],"curies":[{"name":"wp","href":"https:\/\/api.w.org\/{rel}","templated":true}]}}