{"id":94248,"date":"2026-04-21T02:11:16","date_gmt":"2026-04-21T08:11:16","guid":{"rendered":"https:\/\/www.veneciacr.com\/index.php\/producto\/rotomartillo-7-8-inal-20v-s-c-1bat-4a-utrhli202081-total\/"},"modified":"2026-04-21T02:11:19","modified_gmt":"2026-04-21T08:11:19","slug":"rotomartillo-7-8-inalambrico-20v-1-bateria-4a-utrhli202081-total","status":"publish","type":"product","link":"https:\/\/www.veneciacr.com\/index.php\/producto\/rotomartillo-7-8-inalambrico-20v-1-bateria-4a-utrhli202081-total\/","title":{"rendered":"ROTOMARTILLO 7\/8&#8243; INALAMBRICO 20V 1 BATERIA 4A UTRHLI202081 TOTAL"},"content":{"rendered":"<p>-Velocidad sin carga: 0-1100rpm<\/p>\n<p>-Frecuencia de impacto: 0-5400bpm<\/p>\n<p>-Energ\u00eda de impacto: 2.0J<\/p>\n<p>-Capacidad m\u00e1xima de perforaci\u00f3n: Concreto: 22mm, Acero: 13mm, Madera: 28mm<\/p>\n<p>-Sistema de portabrocas SDS Plus<\/p>\n<p>-Luz de trabajo LED integrada<\/p>\n<p><strong>Inlcuye:<\/strong><\/p>\n<p>-3 Brocas (6, 8, 10mm)<\/p>\n<p>-1 Cincel<\/p>\n<p>-1 Bater\u00eda de 4.0Ah<\/p>\n<p>-1 Cargador<\/p>\n","protected":false},"excerpt":{"rendered":"<p>-Velocidad sin carga: 0-1100rpm -Frecuencia de impacto: 0-5400bpm -Energ\u00eda de impacto: 2.0J -Capacidad m\u00e1xima de perforaci\u00f3n: Concreto: 22mm, Acero: 13mm,<\/p>\n","protected":false},"featured_media":0,"comment_status":"closed","ping_status":"open","template":"","meta":[],"product_brand":[],"product_cat":[15],"product_tag":[],"class_list":{"0":"post-94248","1":"product","2":"type-product","3":"status-publish","5":"product_cat-uncategorized","7":"first","8":"outofstock","9":"purchasable","10":"product-type-simple"},"jetpack_sharing_enabled":true,"_links":{"self":[{"href":"https:\/\/www.veneciacr.com\/index.php\/wp-json\/wp\/v2\/product\/94248","targetHints":{"allow":["GET"]}}],"collection":[{"href":"https:\/\/www.veneciacr.com\/index.php\/wp-json\/wp\/v2\/product"}],"about":[{"href":"https:\/\/www.veneciacr.com\/index.php\/wp-json\/wp\/v2\/types\/product"}],"replies":[{"embeddable":true,"href":"https:\/\/www.veneciacr.com\/index.php\/wp-json\/wp\/v2\/comments?post=94248"}],"wp:attachment":[{"href":"https:\/\/www.veneciacr.com\/index.php\/wp-json\/wp\/v2\/media?parent=94248"}],"wp:term":[{"taxonomy":"product_brand","embeddable":true,"href":"https:\/\/www.veneciacr.com\/index.php\/wp-json\/wp\/v2\/product_brand?post=94248"},{"taxonomy":"product_cat","embeddable":true,"href":"https:\/\/www.veneciacr.com\/index.php\/wp-json\/wp\/v2\/product_cat?post=94248"},{"taxonomy":"product_tag","embeddable":true,"href":"https:\/\/www.veneciacr.com\/index.php\/wp-json\/wp\/v2\/product_tag?post=94248"}],"curies":[{"name":"wp","href":"https:\/\/api.w.org\/{rel}","templated":true}]}}