{"id":94236,"date":"2026-04-21T02:11:23","date_gmt":"2026-04-21T08:11:23","guid":{"rendered":"https:\/\/www.veneciacr.com\/index.php\/producto\/combo-taladro-inal-1-2-20v-roto-esmeriladora-4-1-2-20v-utckli20273-total\/"},"modified":"2026-04-21T02:11:23","modified_gmt":"2026-04-21T08:11:23","slug":"combo-taladro-inalambrico-1-2-20vesmer-4-1-2-utckli20273-total","status":"publish","type":"product","link":"https:\/\/www.veneciacr.com\/index.php\/producto\/combo-taladro-inalambrico-1-2-20vesmer-4-1-2-utckli20273-total\/","title":{"rendered":"COMBO TALADRO INALAMBRICO 1\/2&#8243; 20V+ESMER 4 1\/2 UTCKLI20273 TOTAL"},"content":{"rendered":"<p><strong>Incluye:<\/strong><\/p>\n<p><strong>Taladro 1\/2 60N.m:<\/strong><\/p>\n<p>-Par m\u00e1ximo: 60Nm<\/p>\n<p>-Chuck Met\u00e1lico<\/p>\n<p>-Configuraciones de par: 22+1<\/p>\n<p>-Engranaje mec\u00e1nico de 2 velocidades<\/p>\n<p><strong>Esmeriladora 4 1\/2:<\/strong><\/p>\n<p>-Di\u00e1metro del disco: 4-1\/2\u2032\u201d<\/p>\n<p>-Velocidad sin carga: 3000\/6000\/9000 rpm<\/p>\n<p><strong>Accesorios:<\/strong><\/p>\n<p>-2 Baterias de 4Ah<\/p>\n<p>-1 Cargador<\/p>\n<p>-10 Discos para corte metal<\/p>\n<p>-47 Accesorios<\/p>\n","protected":false},"excerpt":{"rendered":"<p>Incluye: Taladro 1\/2 60N.m: -Par m\u00e1ximo: 60Nm -Chuck Met\u00e1lico -Configuraciones de par: 22+1 -Engranaje mec\u00e1nico de 2 velocidades Esmeriladora 4<\/p>\n","protected":false},"featured_media":97883,"comment_status":"closed","ping_status":"open","template":"","meta":[],"product_brand":[],"product_cat":[23,87],"product_tag":[],"class_list":{"0":"post-94236","1":"product","2":"type-product","3":"status-publish","4":"has-post-thumbnail","6":"product_cat-herramientas","7":"product_cat-herramientas-electricas","9":"first","10":"instock","11":"purchasable","12":"product-type-simple"},"jetpack_sharing_enabled":true,"_links":{"self":[{"href":"https:\/\/www.veneciacr.com\/index.php\/wp-json\/wp\/v2\/product\/94236","targetHints":{"allow":["GET"]}}],"collection":[{"href":"https:\/\/www.veneciacr.com\/index.php\/wp-json\/wp\/v2\/product"}],"about":[{"href":"https:\/\/www.veneciacr.com\/index.php\/wp-json\/wp\/v2\/types\/product"}],"replies":[{"embeddable":true,"href":"https:\/\/www.veneciacr.com\/index.php\/wp-json\/wp\/v2\/comments?post=94236"}],"wp:featuredmedia":[{"embeddable":true,"href":"https:\/\/www.veneciacr.com\/index.php\/wp-json\/wp\/v2\/media\/97883"}],"wp:attachment":[{"href":"https:\/\/www.veneciacr.com\/index.php\/wp-json\/wp\/v2\/media?parent=94236"}],"wp:term":[{"taxonomy":"product_brand","embeddable":true,"href":"https:\/\/www.veneciacr.com\/index.php\/wp-json\/wp\/v2\/product_brand?post=94236"},{"taxonomy":"product_cat","embeddable":true,"href":"https:\/\/www.veneciacr.com\/index.php\/wp-json\/wp\/v2\/product_cat?post=94236"},{"taxonomy":"product_tag","embeddable":true,"href":"https:\/\/www.veneciacr.com\/index.php\/wp-json\/wp\/v2\/product_tag?post=94236"}],"curies":[{"name":"wp","href":"https:\/\/api.w.org\/{rel}","templated":true}]}}