{"id":94232,"date":"2026-04-29T01:55:33","date_gmt":"2026-04-29T07:55:33","guid":{"rendered":"https:\/\/www.veneciacr.com\/index.php\/producto\/taladro-gypsum-20v-s-b-tdsli2042006-total\/"},"modified":"2026-04-29T01:55:34","modified_gmt":"2026-04-29T07:55:34","slug":"taladro-gypsum-20v-sin-bateria-tdsli2042006-total","status":"publish","type":"product","link":"https:\/\/www.veneciacr.com\/index.php\/producto\/taladro-gypsum-20v-sin-bateria-tdsli2042006-total\/","title":{"rendered":"TALADRO GYPSUM 20V SIN BATERIA TDSLI2042006 TOTAL"},"content":{"rendered":"<div class=\"woocommerce-product-details__short-description\">\n<p>-Velocidad sin carga: 0-4200rpm<\/p>\n<p>-Tipo de punta: 1\/4\u2033 Hex<\/p>\n<p>-Torque m\u00e1ximo: 30Nm<\/p>\n<p>-Di\u00e1metro m\u00e1ximo del tornillo: 4.2mm<\/p>\n<p>-Con 1 punta de destornillador incluida<\/p>\n<p>\u2013<strong>No incluye bater\u00eda ni cargador<\/strong><\/p>\n<\/div>\n<p><b>C\u00f3digo:<\/b>\u00a040005451<\/p>\n","protected":false},"excerpt":{"rendered":"<p>-Velocidad sin carga: 0-4200rpm -Tipo de punta: 1\/4\u2033 Hex -Torque m\u00e1ximo: 30Nm -Di\u00e1metro m\u00e1ximo del tornillo: 4.2mm -Con 1 punta<\/p>\n","protected":false},"featured_media":94761,"comment_status":"closed","ping_status":"open","template":"","meta":[],"product_brand":[],"product_cat":[23,87],"product_tag":[],"class_list":{"0":"post-94232","1":"product","2":"type-product","3":"status-publish","4":"has-post-thumbnail","6":"product_cat-herramientas","7":"product_cat-herramientas-electricas","9":"first","10":"instock","11":"purchasable","12":"product-type-simple"},"jetpack_sharing_enabled":true,"_links":{"self":[{"href":"https:\/\/www.veneciacr.com\/index.php\/wp-json\/wp\/v2\/product\/94232","targetHints":{"allow":["GET"]}}],"collection":[{"href":"https:\/\/www.veneciacr.com\/index.php\/wp-json\/wp\/v2\/product"}],"about":[{"href":"https:\/\/www.veneciacr.com\/index.php\/wp-json\/wp\/v2\/types\/product"}],"replies":[{"embeddable":true,"href":"https:\/\/www.veneciacr.com\/index.php\/wp-json\/wp\/v2\/comments?post=94232"}],"wp:featuredmedia":[{"embeddable":true,"href":"https:\/\/www.veneciacr.com\/index.php\/wp-json\/wp\/v2\/media\/94761"}],"wp:attachment":[{"href":"https:\/\/www.veneciacr.com\/index.php\/wp-json\/wp\/v2\/media?parent=94232"}],"wp:term":[{"taxonomy":"product_brand","embeddable":true,"href":"https:\/\/www.veneciacr.com\/index.php\/wp-json\/wp\/v2\/product_brand?post=94232"},{"taxonomy":"product_cat","embeddable":true,"href":"https:\/\/www.veneciacr.com\/index.php\/wp-json\/wp\/v2\/product_cat?post=94232"},{"taxonomy":"product_tag","embeddable":true,"href":"https:\/\/www.veneciacr.com\/index.php\/wp-json\/wp\/v2\/product_tag?post=94232"}],"curies":[{"name":"wp","href":"https:\/\/api.w.org\/{rel}","templated":true}]}}