{"id":94125,"date":"2026-04-21T02:11:55","date_gmt":"2026-04-21T08:11:55","guid":{"rendered":"https:\/\/www.veneciacr.com\/index.php\/producto\/set-acople-rapido-compresor-6pzs-coral-6-truper\/"},"modified":"2026-04-21T02:11:55","modified_gmt":"2026-04-21T08:11:55","slug":"set-acople-rapido-compresor-6pzs-coral-6-truper","status":"publish","type":"product","link":"https:\/\/www.veneciacr.com\/index.php\/producto\/set-acople-rapido-compresor-6pzs-coral-6-truper\/","title":{"rendered":"SET ACOPLE RAPIDO COMPRESOR 6PZS CORAL-6 TRUPER"},"content":{"rendered":"<p>Fabricados en lat\u00f3n s\u00f3lido<br \/>\nConexi\u00f3n r\u00e1pida<\/p>\n<p>ESPECIFICACIONES<\/p>\n<p>Cuerda: 1\/4 NPT<br \/>\nEmpaque individual: Blister<br \/>\n1 Cople &#8220;F&#8221; (hembra)<br \/>\n1 Cople &#8220;M&#8221; (macho)<br \/>\n2 Conectores &#8220;F&#8221; (hembras)<br \/>\n2 Conectores &#8220;M&#8221; (machos)<\/p>\n<p>Aplicaciones<br \/>\nPara realizar conexiones r\u00e1pidas y confiables entre herramientas neum\u00e1ticas<\/p>\n","protected":false},"excerpt":{"rendered":"<p>Fabricados en lat\u00f3n s\u00f3lido Conexi\u00f3n r\u00e1pida ESPECIFICACIONES Cuerda: 1\/4 NPT Empaque individual: Blister 1 Cople &#8220;F&#8221; (hembra) 1 Cople &#8220;M&#8221;<\/p>\n","protected":false},"featured_media":94126,"comment_status":"closed","ping_status":"open","template":"","meta":[],"product_brand":[],"product_cat":[15],"product_tag":[],"class_list":{"0":"post-94125","1":"product","2":"type-product","3":"status-publish","4":"has-post-thumbnail","6":"product_cat-uncategorized","8":"first","9":"outofstock","10":"purchasable","11":"product-type-simple"},"jetpack_sharing_enabled":true,"_links":{"self":[{"href":"https:\/\/www.veneciacr.com\/index.php\/wp-json\/wp\/v2\/product\/94125","targetHints":{"allow":["GET"]}}],"collection":[{"href":"https:\/\/www.veneciacr.com\/index.php\/wp-json\/wp\/v2\/product"}],"about":[{"href":"https:\/\/www.veneciacr.com\/index.php\/wp-json\/wp\/v2\/types\/product"}],"replies":[{"embeddable":true,"href":"https:\/\/www.veneciacr.com\/index.php\/wp-json\/wp\/v2\/comments?post=94125"}],"wp:featuredmedia":[{"embeddable":true,"href":"https:\/\/www.veneciacr.com\/index.php\/wp-json\/wp\/v2\/media\/94126"}],"wp:attachment":[{"href":"https:\/\/www.veneciacr.com\/index.php\/wp-json\/wp\/v2\/media?parent=94125"}],"wp:term":[{"taxonomy":"product_brand","embeddable":true,"href":"https:\/\/www.veneciacr.com\/index.php\/wp-json\/wp\/v2\/product_brand?post=94125"},{"taxonomy":"product_cat","embeddable":true,"href":"https:\/\/www.veneciacr.com\/index.php\/wp-json\/wp\/v2\/product_cat?post=94125"},{"taxonomy":"product_tag","embeddable":true,"href":"https:\/\/www.veneciacr.com\/index.php\/wp-json\/wp\/v2\/product_tag?post=94125"}],"curies":[{"name":"wp","href":"https:\/\/api.w.org\/{rel}","templated":true}]}}