{"id":94121,"date":"2026-04-21T02:11:51","date_gmt":"2026-04-21T08:11:51","guid":{"rendered":"https:\/\/www.veneciacr.com\/index.php\/producto\/clavadora-neumatica-cal23-pro-clne-23-truper\/"},"modified":"2026-04-21T02:11:54","modified_gmt":"2026-04-21T08:11:54","slug":"clavadora-neumatica-cal23-pro-clne-23-truper","status":"publish","type":"product","link":"https:\/\/www.veneciacr.com\/index.php\/producto\/clavadora-neumatica-cal23-pro-clne-23-truper\/","title":{"rendered":"CLAVADORA NEUMATICA CAL23 PRO CLNE-23 TRUPER"},"content":{"rendered":"<p>Mango ergon\u00f3mico con grip para mayor comodidad del operador<br \/>\nV\u00e1lvula m\u00f3vil para direccionar la salida de aire que evita molestias al operador<br \/>\nCarcasa de aluminio<br \/>\nGatillo de seguridad<br \/>\nLargo<\/p>\n<p>ESPECIFICACIONES<\/p>\n<p>Presi\u00f3n de trabajo: 75 &#8211; 110 PSI<br \/>\nConsumo nominal: 1.17 CFM @ 90 PSI<br \/>\nEntrada de aire: 1\/4 NPT<br \/>\n\u00d8 Interno de manguera: 3\/8&#8243; (9.5 mm)<br \/>\nNivel de ruido: 90 dB<br \/>\nCapacidad del cartucho: 100 clavos<br \/>\nCiclo de trabajo: Continuo (lubrique constantemente)<br \/>\nLongitud total: 205 mm<br \/>\nPeso: 0.9 kg<br \/>\nEmpaque : Estuche<br \/>\nCalibre: 23 (0.68 mm)<br \/>\nCabeza: Sin cabeza<br \/>\nLargo: 15\/32&#8243; (12 mm) a 1-3\/16&#8243; (30 mm)<\/p>\n<p>Aplicaciones<br \/>\nPara uso en carpinter\u00eda en general<\/p>\n<p>CUIDADOS<br \/>\nUse aceite en forma continua y dosificada para lubricar la herramienta<\/p>\n","protected":false},"excerpt":{"rendered":"<p>Mango ergon\u00f3mico con grip para mayor comodidad del operador V\u00e1lvula m\u00f3vil para direccionar la salida de aire que evita molestias<\/p>\n","protected":false},"featured_media":94122,"comment_status":"closed","ping_status":"open","template":"","meta":[],"product_brand":[],"product_cat":[15],"product_tag":[],"class_list":{"0":"post-94121","1":"product","2":"type-product","3":"status-publish","4":"has-post-thumbnail","6":"product_cat-uncategorized","8":"first","9":"instock","10":"purchasable","11":"product-type-simple"},"jetpack_sharing_enabled":true,"_links":{"self":[{"href":"https:\/\/www.veneciacr.com\/index.php\/wp-json\/wp\/v2\/product\/94121","targetHints":{"allow":["GET"]}}],"collection":[{"href":"https:\/\/www.veneciacr.com\/index.php\/wp-json\/wp\/v2\/product"}],"about":[{"href":"https:\/\/www.veneciacr.com\/index.php\/wp-json\/wp\/v2\/types\/product"}],"replies":[{"embeddable":true,"href":"https:\/\/www.veneciacr.com\/index.php\/wp-json\/wp\/v2\/comments?post=94121"}],"wp:featuredmedia":[{"embeddable":true,"href":"https:\/\/www.veneciacr.com\/index.php\/wp-json\/wp\/v2\/media\/94122"}],"wp:attachment":[{"href":"https:\/\/www.veneciacr.com\/index.php\/wp-json\/wp\/v2\/media?parent=94121"}],"wp:term":[{"taxonomy":"product_brand","embeddable":true,"href":"https:\/\/www.veneciacr.com\/index.php\/wp-json\/wp\/v2\/product_brand?post=94121"},{"taxonomy":"product_cat","embeddable":true,"href":"https:\/\/www.veneciacr.com\/index.php\/wp-json\/wp\/v2\/product_cat?post=94121"},{"taxonomy":"product_tag","embeddable":true,"href":"https:\/\/www.veneciacr.com\/index.php\/wp-json\/wp\/v2\/product_tag?post=94121"}],"curies":[{"name":"wp","href":"https:\/\/api.w.org\/{rel}","templated":true}]}}