{"id":94109,"date":"2026-04-21T02:11:48","date_gmt":"2026-04-21T08:11:48","guid":{"rendered":"https:\/\/www.veneciacr.com\/index.php\/producto\/extintor-carro-recargable-1kg-ext-1000-truper\/"},"modified":"2026-04-21T02:11:50","modified_gmt":"2026-04-21T08:11:50","slug":"extintor-carro-recargable-1kg-ext-1000-truper","status":"publish","type":"product","link":"https:\/\/www.veneciacr.com\/index.php\/producto\/extintor-carro-recargable-1kg-ext-1000-truper\/","title":{"rendered":"EXTINTOR CARRO RECARGABLE 1KG EXT-1000 TRUPER"},"content":{"rendered":"<p>Cilindro fabricado de acero<br \/>\nMan\u00f3metro robusto con indicador de recarga y sobrecarga resistente a la corrosi\u00f3n<br \/>\nExtintor recargable<br \/>\nPolvo qu\u00edmico seco tipo ABC<\/p>\n<p>ESPECIFICACIONES<br \/>\nPresi\u00f3n nominal 1.2 MPa<br \/>\nPresi\u00f3n de prueba 2.5MPa<br \/>\nPotencial m\u00ednimo de extensi\u00f3n 1A-5B-C<br \/>\nRango de temperatura -5 \u00b0C a 49 \u00b0C<br \/>\nDi\u00e1metro del extintor 9 cm<br \/>\nContenido neto 1 kg<br \/>\nTiempo de descarga 10 s<br \/>\nAlcance de descarga 1.5 m<br \/>\nTipo de pintura Electrost\u00e1tica<br \/>\nMaterial de la v\u00e1lvula Aluminio extruido<br \/>\nPeso total 2 kg<\/p>\n<p>APLICACIONES<br \/>\nIdeal para casas y autos<br \/>\nApaga incendios provocados por basura, madera, papel, l\u00edquidos, grasas y equipo electr\u00f3nico<br \/>\nPara usuarios profesionales y semi-profesionales<\/p>\n<p>CUIDADOS<br \/>\nNo perforar el cilindro<br \/>\nNo exponer el extintor al fuego directo<\/p>\n","protected":false},"excerpt":{"rendered":"<p>Cilindro fabricado de acero Man\u00f3metro robusto con indicador de recarga y sobrecarga resistente a la corrosi\u00f3n Extintor recargable Polvo qu\u00edmico<\/p>\n","protected":false},"featured_media":94110,"comment_status":"closed","ping_status":"open","template":"","meta":[],"product_brand":[],"product_cat":[15],"product_tag":[],"class_list":{"0":"post-94109","1":"product","2":"type-product","3":"status-publish","4":"has-post-thumbnail","6":"product_cat-uncategorized","8":"first","9":"outofstock","10":"purchasable","11":"product-type-simple"},"jetpack_sharing_enabled":true,"_links":{"self":[{"href":"https:\/\/www.veneciacr.com\/index.php\/wp-json\/wp\/v2\/product\/94109","targetHints":{"allow":["GET"]}}],"collection":[{"href":"https:\/\/www.veneciacr.com\/index.php\/wp-json\/wp\/v2\/product"}],"about":[{"href":"https:\/\/www.veneciacr.com\/index.php\/wp-json\/wp\/v2\/types\/product"}],"replies":[{"embeddable":true,"href":"https:\/\/www.veneciacr.com\/index.php\/wp-json\/wp\/v2\/comments?post=94109"}],"wp:featuredmedia":[{"embeddable":true,"href":"https:\/\/www.veneciacr.com\/index.php\/wp-json\/wp\/v2\/media\/94110"}],"wp:attachment":[{"href":"https:\/\/www.veneciacr.com\/index.php\/wp-json\/wp\/v2\/media?parent=94109"}],"wp:term":[{"taxonomy":"product_brand","embeddable":true,"href":"https:\/\/www.veneciacr.com\/index.php\/wp-json\/wp\/v2\/product_brand?post=94109"},{"taxonomy":"product_cat","embeddable":true,"href":"https:\/\/www.veneciacr.com\/index.php\/wp-json\/wp\/v2\/product_cat?post=94109"},{"taxonomy":"product_tag","embeddable":true,"href":"https:\/\/www.veneciacr.com\/index.php\/wp-json\/wp\/v2\/product_tag?post=94109"}],"curies":[{"name":"wp","href":"https:\/\/api.w.org\/{rel}","templated":true}]}}