{"id":94100,"date":"2026-04-21T02:14:02","date_gmt":"2026-04-21T08:14:02","guid":{"rendered":"https:\/\/www.veneciacr.com\/index.php\/producto\/paq-amarra-plastica-4-negra-100pcs-cin-1810n-volteck\/"},"modified":"2026-04-21T02:14:03","modified_gmt":"2026-04-21T08:14:03","slug":"paq-amarra-plastica-4-negra-100pcs-cin-1810n-volteck","status":"publish","type":"product","link":"https:\/\/www.veneciacr.com\/index.php\/producto\/paq-amarra-plastica-4-negra-100pcs-cin-1810n-volteck\/","title":{"rendered":"PAQ AMARRA PLASTICA 4&#8243; NEGRA 100PCS CIN-1810N VOLTECK"},"content":{"rendered":"<p>Fabricados en nylon<br \/>\nColor negro<br \/>\nSeguro autom\u00e1tico<\/p>\n<p>ESPECIFICACIONES<br \/>\nTensi\u00f3n 18 lb<br \/>\nResistencia a la tensi\u00f3n 8.2 Kg<br \/>\nLongitud 10 cm<br \/>\nAncho 2.5 mm<br \/>\nN\u00famero de piezas 100<\/p>\n<p>APLICACIONES<br \/>\n\u00fatiles para bolsas de basura, equipaje, almac\u00e9n, herramientas, artesan\u00edas, campamento, jard\u00edn, mec\u00e1nica, el\u00e9ctricos y m\u00e1s<\/p>\n","protected":false},"excerpt":{"rendered":"<p>Fabricados en nylon Color negro Seguro autom\u00e1tico ESPECIFICACIONES Tensi\u00f3n 18 lb Resistencia a la tensi\u00f3n 8.2 Kg Longitud 10 cm<\/p>\n","protected":false},"featured_media":97668,"comment_status":"closed","ping_status":"open","template":"","meta":[],"product_brand":[],"product_cat":[15],"product_tag":[],"class_list":{"0":"post-94100","1":"product","2":"type-product","3":"status-publish","4":"has-post-thumbnail","6":"product_cat-uncategorized","8":"first","9":"outofstock","10":"purchasable","11":"product-type-simple"},"jetpack_sharing_enabled":true,"_links":{"self":[{"href":"https:\/\/www.veneciacr.com\/index.php\/wp-json\/wp\/v2\/product\/94100","targetHints":{"allow":["GET"]}}],"collection":[{"href":"https:\/\/www.veneciacr.com\/index.php\/wp-json\/wp\/v2\/product"}],"about":[{"href":"https:\/\/www.veneciacr.com\/index.php\/wp-json\/wp\/v2\/types\/product"}],"replies":[{"embeddable":true,"href":"https:\/\/www.veneciacr.com\/index.php\/wp-json\/wp\/v2\/comments?post=94100"}],"wp:featuredmedia":[{"embeddable":true,"href":"https:\/\/www.veneciacr.com\/index.php\/wp-json\/wp\/v2\/media\/97668"}],"wp:attachment":[{"href":"https:\/\/www.veneciacr.com\/index.php\/wp-json\/wp\/v2\/media?parent=94100"}],"wp:term":[{"taxonomy":"product_brand","embeddable":true,"href":"https:\/\/www.veneciacr.com\/index.php\/wp-json\/wp\/v2\/product_brand?post=94100"},{"taxonomy":"product_cat","embeddable":true,"href":"https:\/\/www.veneciacr.com\/index.php\/wp-json\/wp\/v2\/product_cat?post=94100"},{"taxonomy":"product_tag","embeddable":true,"href":"https:\/\/www.veneciacr.com\/index.php\/wp-json\/wp\/v2\/product_tag?post=94100"}],"curies":[{"name":"wp","href":"https:\/\/api.w.org\/{rel}","templated":true}]}}