{"id":94026,"date":"2026-04-22T01:51:18","date_gmt":"2026-04-22T07:51:18","guid":{"rendered":"https:\/\/www.veneciacr.com\/index.php\/producto\/bombillo-led-s14-sin-filamento-lc-1w-led-10c-volteck\/"},"modified":"2026-04-22T01:51:19","modified_gmt":"2026-04-22T07:51:19","slug":"bombillo-led-s14-sin-filamento-lc-1w-led-10c-volteck","status":"publish","type":"product","link":"https:\/\/www.veneciacr.com\/index.php\/producto\/bombillo-led-s14-sin-filamento-lc-1w-led-10c-volteck\/","title":{"rendered":"BOMBILLO LED S14 SIN FILAMENTO LC 1W LED-10C VOLTECK"},"content":{"rendered":"<p>L\u00e1mpara LED S14 sin filamento 1 W luz c\u00e1lida, caja, Volteck<br \/>\nAhorra hasta 90% en el consumo de energ\u00eda<br \/>\nPantalla de policarbonato<br \/>\nSin filamento<br \/>\nUso decorativo, compatible con las series de luces SL-7L Y SL-14L<br \/>\n48077-01<br \/>\n48077-02<br \/>\nTRU-LUZCALIDA<br \/>\nTRU-AMIGABLE<\/p>\n<p>C\u00d3DIGO: 48077<br \/>\nCLAVE: LED-10C<\/p>\n<p>Ficha t\u00e9cnica<br \/>\nL\u00e1mpara LED S14 sin filamento 1 W luz c\u00e1lida, caja, Volteck<br \/>\nAhorra hasta 90% en el consumo de energ\u00eda<br \/>\nPantalla de policarbonato<br \/>\nSin filamento<br \/>\nUso decorativo, compatible con las series de luces SL-7L Y SL-14L<\/p>\n","protected":false},"excerpt":{"rendered":"<p>L\u00e1mpara LED S14 sin filamento 1 W luz c\u00e1lida, caja, Volteck Ahorra hasta 90% en el consumo de energ\u00eda Pantalla<\/p>\n","protected":false},"featured_media":94027,"comment_status":"closed","ping_status":"open","template":"","meta":[],"product_brand":[],"product_cat":[15],"product_tag":[],"class_list":{"0":"post-94026","1":"product","2":"type-product","3":"status-publish","4":"has-post-thumbnail","6":"product_cat-uncategorized","8":"first","9":"instock","10":"purchasable","11":"product-type-simple"},"jetpack_sharing_enabled":true,"_links":{"self":[{"href":"https:\/\/www.veneciacr.com\/index.php\/wp-json\/wp\/v2\/product\/94026","targetHints":{"allow":["GET"]}}],"collection":[{"href":"https:\/\/www.veneciacr.com\/index.php\/wp-json\/wp\/v2\/product"}],"about":[{"href":"https:\/\/www.veneciacr.com\/index.php\/wp-json\/wp\/v2\/types\/product"}],"replies":[{"embeddable":true,"href":"https:\/\/www.veneciacr.com\/index.php\/wp-json\/wp\/v2\/comments?post=94026"}],"wp:featuredmedia":[{"embeddable":true,"href":"https:\/\/www.veneciacr.com\/index.php\/wp-json\/wp\/v2\/media\/94027"}],"wp:attachment":[{"href":"https:\/\/www.veneciacr.com\/index.php\/wp-json\/wp\/v2\/media?parent=94026"}],"wp:term":[{"taxonomy":"product_brand","embeddable":true,"href":"https:\/\/www.veneciacr.com\/index.php\/wp-json\/wp\/v2\/product_brand?post=94026"},{"taxonomy":"product_cat","embeddable":true,"href":"https:\/\/www.veneciacr.com\/index.php\/wp-json\/wp\/v2\/product_cat?post=94026"},{"taxonomy":"product_tag","embeddable":true,"href":"https:\/\/www.veneciacr.com\/index.php\/wp-json\/wp\/v2\/product_tag?post=94026"}],"curies":[{"name":"wp","href":"https:\/\/api.w.org\/{rel}","templated":true}]}}