{"id":94019,"date":"2026-04-21T02:14:20","date_gmt":"2026-04-21T08:14:20","guid":{"rendered":"https:\/\/www.veneciacr.com\/index.php\/producto\/portarollo-plastico-blanco-abp-21b-foset\/"},"modified":"2026-04-21T02:14:22","modified_gmt":"2026-04-21T08:14:22","slug":"portarollo-plastico-blanco-abp-21b-foset","status":"publish","type":"product","link":"https:\/\/www.veneciacr.com\/index.php\/producto\/portarollo-plastico-blanco-abp-21b-foset\/","title":{"rendered":"PORTAROLLO PLASTICO BLANCO ABP-21B FOSET"},"content":{"rendered":"<p>Cuerpo de ABS<\/p>\n<p>Filo dentado para f\u00e1cil corte<\/p>\n<p>F\u00e1cil reposici\u00f3n de rollo<\/p>\n<p>Para montar en pared<\/p>\n<p>Ideal para ba\u00f1os p\u00fablicos, oficinas, restaurantes, hospitales, escuelas y m\u00e1s<\/p>\n<div class=\"col-6\">\n<div class=\"table-responsive tabla_border\">\n<table class=\"table table-bordered table_info_prod align-middle m-0\">\n<tbody>\n<tr id=\"tabla_especs\">\n<th class=\"tamanio_th_especs\" scope=\"row\">\n<p class=\"margen_tabla_especs\">Color<\/p>\n<\/th>\n<td>\n<p class=\"margen_tabla_especs\">Blanco<\/p>\n<\/td>\n<\/tr>\n<tr id=\"tabla_especs\">\n<th class=\"tamanio_th_especs\" scope=\"row\">\n<p class=\"margen_tabla_especs\">Ancho x di\u00e1metro externo<\/p>\n<\/th>\n<td>\n<p class=\"margen_tabla_especs\">12 x 27 cm<\/p>\n<\/td>\n<\/tr>\n<tr id=\"tabla_especs\">\n<th class=\"tamanio_th_especs\" scope=\"row\">\n<p class=\"margen_tabla_especs\">Empaque individual<\/p>\n<\/th>\n<td>\n<p class=\"margen_tabla_especs\">Caja<\/p>\n<\/td>\n<\/tr>\n<tr id=\"tabla_especs\">\n<th class=\"tamanio_th_especs\" scope=\"row\"><\/th>\n<td><\/td>\n<\/tr>\n<\/tbody>\n<\/table>\n<\/div>\n<\/div>\n<div class=\"col-6\">\n<div class=\"table-responsive tabla_border\">\n<table class=\"table table-bordered table_info_prod align-middle m-0\">\n<tbody>\n<tr id=\"tabla_especs\">\n<th class=\"tamanio_th_especs\" scope=\"row\">\n<p class=\"margen_tabla_especs\">Capacidad<\/p>\n<\/th>\n<td>\n<p class=\"margen_tabla_especs\">Rollos hasta 300 m (1,000 pies)\u00a0largo x 22.5 cm (9&#8243;) di\u00e1metro<\/p>\n<\/td>\n<\/tr>\n<tr id=\"tabla_especs\">\n<th class=\"tamanio_th_especs\" scope=\"row\">\n<p class=\"margen_tabla_especs\">Di\u00e1metro de soporte para rollo de papel<\/p>\n<\/th>\n<td>\n<p class=\"margen_tabla_especs\">7 cm<\/p>\n<\/td>\n<\/tr>\n<\/tbody>\n<\/table>\n<\/div>\n<\/div>\n","protected":false},"excerpt":{"rendered":"<p>Cuerpo de ABS Filo dentado para f\u00e1cil corte F\u00e1cil reposici\u00f3n de rollo Para montar en pared Ideal para ba\u00f1os p\u00fablicos,<\/p>\n","protected":false},"featured_media":94044,"comment_status":"closed","ping_status":"open","template":"","meta":[],"product_brand":[],"product_cat":[15],"product_tag":[],"class_list":{"0":"post-94019","1":"product","2":"type-product","3":"status-publish","4":"has-post-thumbnail","6":"product_cat-uncategorized","8":"first","9":"instock","10":"purchasable","11":"product-type-simple"},"jetpack_sharing_enabled":true,"_links":{"self":[{"href":"https:\/\/www.veneciacr.com\/index.php\/wp-json\/wp\/v2\/product\/94019","targetHints":{"allow":["GET"]}}],"collection":[{"href":"https:\/\/www.veneciacr.com\/index.php\/wp-json\/wp\/v2\/product"}],"about":[{"href":"https:\/\/www.veneciacr.com\/index.php\/wp-json\/wp\/v2\/types\/product"}],"replies":[{"embeddable":true,"href":"https:\/\/www.veneciacr.com\/index.php\/wp-json\/wp\/v2\/comments?post=94019"}],"wp:featuredmedia":[{"embeddable":true,"href":"https:\/\/www.veneciacr.com\/index.php\/wp-json\/wp\/v2\/media\/94044"}],"wp:attachment":[{"href":"https:\/\/www.veneciacr.com\/index.php\/wp-json\/wp\/v2\/media?parent=94019"}],"wp:term":[{"taxonomy":"product_brand","embeddable":true,"href":"https:\/\/www.veneciacr.com\/index.php\/wp-json\/wp\/v2\/product_brand?post=94019"},{"taxonomy":"product_cat","embeddable":true,"href":"https:\/\/www.veneciacr.com\/index.php\/wp-json\/wp\/v2\/product_cat?post=94019"},{"taxonomy":"product_tag","embeddable":true,"href":"https:\/\/www.veneciacr.com\/index.php\/wp-json\/wp\/v2\/product_tag?post=94019"}],"curies":[{"name":"wp","href":"https:\/\/api.w.org\/{rel}","templated":true}]}}