{"id":94017,"date":"2026-04-21T02:14:20","date_gmt":"2026-04-21T08:14:20","guid":{"rendered":"https:\/\/www.veneciacr.com\/index.php\/producto\/dispensador-jabon-liquido-blanco-abp-11b-foset\/"},"modified":"2026-04-21T02:14:21","modified_gmt":"2026-04-21T08:14:21","slug":"dispensador-jabon-liquido-blanco-abp-11b-foset","status":"publish","type":"product","link":"https:\/\/www.veneciacr.com\/index.php\/producto\/dispensador-jabon-liquido-blanco-abp-11b-foset\/","title":{"rendered":"DISPENSADOR JABON LIQUIDO BLANCO ABP-11B FOSET"},"content":{"rendered":"<p>Cuerpo de ABS trasl\u00facido que permite visualizar la carga de jab\u00f3n<\/p>\n<p>Dep\u00f3sito rellenable<\/p>\n<p>Bot\u00f3n dispensador<\/p>\n<p>No funciona con jab\u00f3n en espuma<\/p>\n<p>Para montar en pared, f\u00e1cil limpieza e instalaci\u00f3n<\/p>\n<div class=\"col-6\">\n<div class=\"table-responsive tabla_border\">\n<table class=\"table table-bordered table_info_prod align-middle m-0\">\n<tbody>\n<tr id=\"tabla_especs\">\n<th class=\"tamanio_th_especs\" scope=\"row\">\n<p class=\"margen_tabla_especs\">Color<\/p>\n<\/th>\n<td>\n<p class=\"margen_tabla_especs\">Blanco<\/p>\n<\/td>\n<\/tr>\n<tr id=\"tabla_especs\">\n<th class=\"tamanio_th_especs\" scope=\"row\">\n<p class=\"margen_tabla_especs\">Ancho x largo x alto<\/p>\n<\/th>\n<td>\n<p class=\"margen_tabla_especs\">10\u00a0x 11\u00a0x 19\u00a0cm<\/p>\n<\/td>\n<\/tr>\n<tr id=\"tabla_especs\">\n<th class=\"tamanio_th_especs\" scope=\"row\"><\/th>\n<td><\/td>\n<\/tr>\n<tr id=\"tabla_especs\">\n<th class=\"tamanio_th_especs\" scope=\"row\"><\/th>\n<td><\/td>\n<\/tr>\n<\/tbody>\n<\/table>\n<\/div>\n<\/div>\n<div class=\"col-6\">\n<div class=\"table-responsive tabla_border\">\n<table class=\"table table-bordered table_info_prod align-middle m-0\">\n<tbody>\n<tr id=\"tabla_especs\">\n<th class=\"tamanio_th_especs\" scope=\"row\">\n<p class=\"margen_tabla_especs\">Capacidad<\/p>\n<\/th>\n<td>\n<p class=\"margen_tabla_especs\">980 ml<\/p>\n<\/td>\n<\/tr>\n<\/tbody>\n<\/table>\n<\/div>\n<\/div>\n","protected":false},"excerpt":{"rendered":"<p>Cuerpo de ABS trasl\u00facido que permite visualizar la carga de jab\u00f3n Dep\u00f3sito rellenable Bot\u00f3n dispensador No funciona con jab\u00f3n en<\/p>\n","protected":false},"featured_media":94042,"comment_status":"closed","ping_status":"open","template":"","meta":[],"product_brand":[],"product_cat":[15],"product_tag":[],"class_list":{"0":"post-94017","1":"product","2":"type-product","3":"status-publish","4":"has-post-thumbnail","6":"product_cat-uncategorized","8":"first","9":"instock","10":"purchasable","11":"product-type-simple"},"jetpack_sharing_enabled":true,"_links":{"self":[{"href":"https:\/\/www.veneciacr.com\/index.php\/wp-json\/wp\/v2\/product\/94017","targetHints":{"allow":["GET"]}}],"collection":[{"href":"https:\/\/www.veneciacr.com\/index.php\/wp-json\/wp\/v2\/product"}],"about":[{"href":"https:\/\/www.veneciacr.com\/index.php\/wp-json\/wp\/v2\/types\/product"}],"replies":[{"embeddable":true,"href":"https:\/\/www.veneciacr.com\/index.php\/wp-json\/wp\/v2\/comments?post=94017"}],"wp:featuredmedia":[{"embeddable":true,"href":"https:\/\/www.veneciacr.com\/index.php\/wp-json\/wp\/v2\/media\/94042"}],"wp:attachment":[{"href":"https:\/\/www.veneciacr.com\/index.php\/wp-json\/wp\/v2\/media?parent=94017"}],"wp:term":[{"taxonomy":"product_brand","embeddable":true,"href":"https:\/\/www.veneciacr.com\/index.php\/wp-json\/wp\/v2\/product_brand?post=94017"},{"taxonomy":"product_cat","embeddable":true,"href":"https:\/\/www.veneciacr.com\/index.php\/wp-json\/wp\/v2\/product_cat?post=94017"},{"taxonomy":"product_tag","embeddable":true,"href":"https:\/\/www.veneciacr.com\/index.php\/wp-json\/wp\/v2\/product_tag?post=94017"}],"curies":[{"name":"wp","href":"https:\/\/api.w.org\/{rel}","templated":true}]}}