{"id":94002,"date":"2026-04-21T02:14:26","date_gmt":"2026-04-21T08:14:26","guid":{"rendered":"https:\/\/www.veneciacr.com\/index.php\/producto\/escalera-tubular-plegable-4p-150kg-estu-4-truper\/"},"modified":"2026-04-21T02:14:28","modified_gmt":"2026-04-21T08:14:28","slug":"escalera-tubular-plegable-4p-150kg-estu-4-truper","status":"publish","type":"product","link":"https:\/\/www.veneciacr.com\/index.php\/producto\/escalera-tubular-plegable-4p-150kg-estu-4-truper\/","title":{"rendered":"ESCALERA TUBULAR PLEGABLE 4P 150KG ESTU-4 TRUPER"},"content":{"rendered":"<p>Fabricada en acero tubular<\/p>\n<p>Plegable para f\u00e1cil almacenamiento y transportaci\u00f3n<\/p>\n<p>Barandal ergon\u00f3mico para mayor comodidad<\/p>\n<p>Pelda\u00f1os antiderrapantes con plataforma amplia<\/p>\n<p>Tacones pl\u00e1sticos antiderrapantes<\/p>\n<div class=\"col-6\">\n<div class=\"table-responsive tabla_border\">\n<table class=\"table table-bordered table_info_prod align-middle m-0\">\n<tbody>\n<tr id=\"tabla_especs\">\n<th class=\"tamanio_th_especs\" scope=\"row\">\n<p class=\"margen_tabla_especs\">Tipo<\/p>\n<\/th>\n<td>\n<p class=\"margen_tabla_especs\">III<\/p>\n<\/td>\n<\/tr>\n<tr id=\"tabla_especs\">\n<th class=\"tamanio_th_especs\" scope=\"row\">\n<p class=\"margen_tabla_especs\">Pelda\u00f1os<\/p>\n<\/th>\n<td>\n<p class=\"margen_tabla_especs\">4<\/p>\n<\/td>\n<\/tr>\n<tr id=\"tabla_especs\">\n<th class=\"tamanio_th_especs\" scope=\"row\">\n<p class=\"margen_tabla_especs\">Alcance m\u00e1ximo*<\/p>\n<\/th>\n<td>\n<p class=\"margen_tabla_especs\">2.9 m (9.5&#8242;)<\/p>\n<\/td>\n<\/tr>\n<tr id=\"tabla_especs\">\n<th class=\"tamanio_th_especs\" scope=\"row\">\n<p class=\"margen_tabla_especs\">Volumen \/ Peso<\/p>\n<\/th>\n<td>\n<p class=\"margen_tabla_especs\">0.06 m\u00b3\u00a0\/ 6.9 kg<\/p>\n<\/td>\n<\/tr>\n<tr id=\"tabla_especs\">\n<th class=\"tamanio_th_especs\" scope=\"row\"><\/th>\n<td><\/td>\n<\/tr>\n<tr id=\"tabla_especs\">\n<th class=\"tamanio_th_especs\" scope=\"row\"><\/th>\n<td><\/td>\n<\/tr>\n<\/tbody>\n<\/table>\n<\/div>\n<\/div>\n<div class=\"col-6\">\n<div class=\"table-responsive tabla_border\">\n<table class=\"table table-bordered table_info_prod align-middle m-0\">\n<tbody>\n<tr id=\"tabla_especs\">\n<th class=\"tamanio_th_especs\" scope=\"row\">\n<p class=\"margen_tabla_especs\">Capacidad de carga<\/p>\n<\/th>\n<td>\n<p class=\"margen_tabla_especs\">150 kg<\/p>\n<\/td>\n<\/tr>\n<tr id=\"tabla_especs\">\n<th class=\"tamanio_th_especs\" scope=\"row\">\n<p class=\"margen_tabla_especs\">Altura<\/p>\n<\/th>\n<td>\n<p class=\"margen_tabla_especs\"><strong>1.2 m<\/strong>\u00a0(3.9&#8242;)<\/p>\n<\/td>\n<\/tr>\n<tr id=\"tabla_especs\">\n<th class=\"tamanio_th_especs\" scope=\"row\">\n<p class=\"margen_tabla_especs\">Apertura lateral<\/p>\n<\/th>\n<td>\n<p class=\"margen_tabla_especs\">0.8 m<\/p>\n<\/td>\n<\/tr>\n<tr id=\"tabla_especs\">\n<th class=\"tamanio_th_especs\" scope=\"row\">\n<p class=\"margen_tabla_especs\">Empaque individual<\/p>\n<\/th>\n<td>\n<p class=\"margen_tabla_especs\">Etiqueta<\/p>\n<\/td>\n<\/tr>\n<\/tbody>\n<\/table>\n<\/div>\n<\/div>\n","protected":false},"excerpt":{"rendered":"<p>Fabricada en acero tubular Plegable para f\u00e1cil almacenamiento y transportaci\u00f3n Barandal ergon\u00f3mico para mayor comodidad Pelda\u00f1os antiderrapantes con plataforma amplia<\/p>\n","protected":false},"featured_media":94005,"comment_status":"closed","ping_status":"open","template":"","meta":[],"product_brand":[],"product_cat":[152,23],"product_tag":[],"class_list":{"0":"post-94002","1":"product","2":"type-product","3":"status-publish","4":"has-post-thumbnail","6":"product_cat-herramienta-manuales","7":"product_cat-herramientas","9":"first","10":"instock","11":"purchasable","12":"product-type-simple"},"jetpack_sharing_enabled":true,"_links":{"self":[{"href":"https:\/\/www.veneciacr.com\/index.php\/wp-json\/wp\/v2\/product\/94002","targetHints":{"allow":["GET"]}}],"collection":[{"href":"https:\/\/www.veneciacr.com\/index.php\/wp-json\/wp\/v2\/product"}],"about":[{"href":"https:\/\/www.veneciacr.com\/index.php\/wp-json\/wp\/v2\/types\/product"}],"replies":[{"embeddable":true,"href":"https:\/\/www.veneciacr.com\/index.php\/wp-json\/wp\/v2\/comments?post=94002"}],"wp:featuredmedia":[{"embeddable":true,"href":"https:\/\/www.veneciacr.com\/index.php\/wp-json\/wp\/v2\/media\/94005"}],"wp:attachment":[{"href":"https:\/\/www.veneciacr.com\/index.php\/wp-json\/wp\/v2\/media?parent=94002"}],"wp:term":[{"taxonomy":"product_brand","embeddable":true,"href":"https:\/\/www.veneciacr.com\/index.php\/wp-json\/wp\/v2\/product_brand?post=94002"},{"taxonomy":"product_cat","embeddable":true,"href":"https:\/\/www.veneciacr.com\/index.php\/wp-json\/wp\/v2\/product_cat?post=94002"},{"taxonomy":"product_tag","embeddable":true,"href":"https:\/\/www.veneciacr.com\/index.php\/wp-json\/wp\/v2\/product_tag?post=94002"}],"curies":[{"name":"wp","href":"https:\/\/api.w.org\/{rel}","templated":true}]}}