{"id":94001,"date":"2026-04-21T02:14:26","date_gmt":"2026-04-21T08:14:26","guid":{"rendered":"https:\/\/www.veneciacr.com\/index.php\/producto\/escalera-tubular-plegable-2p-150kg-estu-2-truper\/"},"modified":"2026-04-21T02:14:28","modified_gmt":"2026-04-21T08:14:28","slug":"escalera-tubular-plegable-2p-150kg-estu-2-truper","status":"publish","type":"product","link":"https:\/\/www.veneciacr.com\/index.php\/producto\/escalera-tubular-plegable-2p-150kg-estu-2-truper\/","title":{"rendered":"ESCALERA TUBULAR PLEGABLE 2P 150KG ESTU-2 TRUPER"},"content":{"rendered":"<p>Fabricada en acero tubular<\/p>\n<p>Plegable para f\u00e1cil almacenamiento y transportaci\u00f3n<\/p>\n<p>Barandal ergon\u00f3mico para mayor comodidad<\/p>\n<p>Pelda\u00f1os antiderrapantes con plataforma amplia<\/p>\n<p>Tacones pl\u00e1sticos antiderrapantes<\/p>\n","protected":false},"excerpt":{"rendered":"<p>Fabricada en acero tubular Plegable para f\u00e1cil almacenamiento y transportaci\u00f3n Barandal ergon\u00f3mico para mayor comodidad Pelda\u00f1os antiderrapantes con plataforma amplia<\/p>\n","protected":false},"featured_media":94006,"comment_status":"closed","ping_status":"open","template":"","meta":[],"product_brand":[],"product_cat":[152,23],"product_tag":[],"class_list":{"0":"post-94001","1":"product","2":"type-product","3":"status-publish","4":"has-post-thumbnail","6":"product_cat-herramienta-manuales","7":"product_cat-herramientas","9":"first","10":"instock","11":"purchasable","12":"product-type-simple"},"jetpack_sharing_enabled":true,"_links":{"self":[{"href":"https:\/\/www.veneciacr.com\/index.php\/wp-json\/wp\/v2\/product\/94001","targetHints":{"allow":["GET"]}}],"collection":[{"href":"https:\/\/www.veneciacr.com\/index.php\/wp-json\/wp\/v2\/product"}],"about":[{"href":"https:\/\/www.veneciacr.com\/index.php\/wp-json\/wp\/v2\/types\/product"}],"replies":[{"embeddable":true,"href":"https:\/\/www.veneciacr.com\/index.php\/wp-json\/wp\/v2\/comments?post=94001"}],"wp:featuredmedia":[{"embeddable":true,"href":"https:\/\/www.veneciacr.com\/index.php\/wp-json\/wp\/v2\/media\/94006"}],"wp:attachment":[{"href":"https:\/\/www.veneciacr.com\/index.php\/wp-json\/wp\/v2\/media?parent=94001"}],"wp:term":[{"taxonomy":"product_brand","embeddable":true,"href":"https:\/\/www.veneciacr.com\/index.php\/wp-json\/wp\/v2\/product_brand?post=94001"},{"taxonomy":"product_cat","embeddable":true,"href":"https:\/\/www.veneciacr.com\/index.php\/wp-json\/wp\/v2\/product_cat?post=94001"},{"taxonomy":"product_tag","embeddable":true,"href":"https:\/\/www.veneciacr.com\/index.php\/wp-json\/wp\/v2\/product_tag?post=94001"}],"curies":[{"name":"wp","href":"https:\/\/api.w.org\/{rel}","templated":true}]}}