{"id":93915,"date":"2026-04-23T01:55:09","date_gmt":"2026-04-23T07:55:09","guid":{"rendered":"https:\/\/www.veneciacr.com\/index.php\/producto\/numero-4-5-negro-nuch-5n-hermex\/"},"modified":"2026-04-23T01:55:09","modified_gmt":"2026-04-23T07:55:09","slug":"numero-4-5-negro-nuch-5n-hermex","status":"publish","type":"product","link":"https:\/\/www.veneciacr.com\/index.php\/producto\/numero-4-5-negro-nuch-5n-hermex\/","title":{"rendered":"NUMERO 4&#8243; #5 NEGRO NUCH-5N HERMEX"},"content":{"rendered":"<p>Fabricado en lat\u00f3n s\u00f3lido con acabado negro, resistente a la corrosi\u00f3n e intemperie<\/p>\n<p>F\u00e1cil de fijar<\/p>\n<p>Para uso en exteriores, ideal para se\u00f1alizaci\u00f3n en puertas y fachadas<\/p>\n","protected":false},"excerpt":{"rendered":"<p>Fabricado en lat\u00f3n s\u00f3lido con acabado negro, resistente a la corrosi\u00f3n e intemperie F\u00e1cil de fijar Para uso en exteriores,<\/p>\n","protected":false},"featured_media":93916,"comment_status":"closed","ping_status":"open","template":"","meta":[],"product_brand":[],"product_cat":[15],"product_tag":[],"class_list":{"0":"post-93915","1":"product","2":"type-product","3":"status-publish","4":"has-post-thumbnail","6":"product_cat-uncategorized","8":"first","9":"instock","10":"purchasable","11":"product-type-simple"},"jetpack_sharing_enabled":true,"_links":{"self":[{"href":"https:\/\/www.veneciacr.com\/index.php\/wp-json\/wp\/v2\/product\/93915","targetHints":{"allow":["GET"]}}],"collection":[{"href":"https:\/\/www.veneciacr.com\/index.php\/wp-json\/wp\/v2\/product"}],"about":[{"href":"https:\/\/www.veneciacr.com\/index.php\/wp-json\/wp\/v2\/types\/product"}],"replies":[{"embeddable":true,"href":"https:\/\/www.veneciacr.com\/index.php\/wp-json\/wp\/v2\/comments?post=93915"}],"wp:featuredmedia":[{"embeddable":true,"href":"https:\/\/www.veneciacr.com\/index.php\/wp-json\/wp\/v2\/media\/93916"}],"wp:attachment":[{"href":"https:\/\/www.veneciacr.com\/index.php\/wp-json\/wp\/v2\/media?parent=93915"}],"wp:term":[{"taxonomy":"product_brand","embeddable":true,"href":"https:\/\/www.veneciacr.com\/index.php\/wp-json\/wp\/v2\/product_brand?post=93915"},{"taxonomy":"product_cat","embeddable":true,"href":"https:\/\/www.veneciacr.com\/index.php\/wp-json\/wp\/v2\/product_cat?post=93915"},{"taxonomy":"product_tag","embeddable":true,"href":"https:\/\/www.veneciacr.com\/index.php\/wp-json\/wp\/v2\/product_tag?post=93915"}],"curies":[{"name":"wp","href":"https:\/\/api.w.org\/{rel}","templated":true}]}}