{"id":93901,"date":"2026-04-21T02:14:47","date_gmt":"2026-04-21T08:14:47","guid":{"rendered":"https:\/\/www.veneciacr.com\/index.php\/producto\/gancho-metalico-cromado-aqa-73-foset\/"},"modified":"2026-04-21T02:14:49","modified_gmt":"2026-04-21T08:14:49","slug":"gancho-percha-cromado-aqa-73-foset","status":"publish","type":"product","link":"https:\/\/www.veneciacr.com\/index.php\/producto\/gancho-percha-cromado-aqa-73-foset\/","title":{"rendered":"GANCHO PERCHA CROMADO AQA-73 FOSET"},"content":{"rendered":"<p>Met\u00e1lico<\/p>\n<p>Con sistema de montaje para semiempotrar<\/p>\n<p>Incluye llave allen, taquetes y torniller\u00eda para su instalaci\u00f3n<\/p>\n","protected":false},"excerpt":{"rendered":"<p>Met\u00e1lico Con sistema de montaje para semiempotrar Incluye llave allen, taquetes y torniller\u00eda para su instalaci\u00f3n<\/p>\n","protected":false},"featured_media":93902,"comment_status":"closed","ping_status":"open","template":"","meta":[],"product_brand":[],"product_cat":[15],"product_tag":[],"class_list":{"0":"post-93901","1":"product","2":"type-product","3":"status-publish","4":"has-post-thumbnail","6":"product_cat-uncategorized","8":"first","9":"instock","10":"purchasable","11":"product-type-simple"},"jetpack_sharing_enabled":true,"_links":{"self":[{"href":"https:\/\/www.veneciacr.com\/index.php\/wp-json\/wp\/v2\/product\/93901","targetHints":{"allow":["GET"]}}],"collection":[{"href":"https:\/\/www.veneciacr.com\/index.php\/wp-json\/wp\/v2\/product"}],"about":[{"href":"https:\/\/www.veneciacr.com\/index.php\/wp-json\/wp\/v2\/types\/product"}],"replies":[{"embeddable":true,"href":"https:\/\/www.veneciacr.com\/index.php\/wp-json\/wp\/v2\/comments?post=93901"}],"wp:featuredmedia":[{"embeddable":true,"href":"https:\/\/www.veneciacr.com\/index.php\/wp-json\/wp\/v2\/media\/93902"}],"wp:attachment":[{"href":"https:\/\/www.veneciacr.com\/index.php\/wp-json\/wp\/v2\/media?parent=93901"}],"wp:term":[{"taxonomy":"product_brand","embeddable":true,"href":"https:\/\/www.veneciacr.com\/index.php\/wp-json\/wp\/v2\/product_brand?post=93901"},{"taxonomy":"product_cat","embeddable":true,"href":"https:\/\/www.veneciacr.com\/index.php\/wp-json\/wp\/v2\/product_cat?post=93901"},{"taxonomy":"product_tag","embeddable":true,"href":"https:\/\/www.veneciacr.com\/index.php\/wp-json\/wp\/v2\/product_tag?post=93901"}],"curies":[{"name":"wp","href":"https:\/\/api.w.org\/{rel}","templated":true}]}}