{"id":93875,"date":"2026-04-28T02:06:55","date_gmt":"2026-04-28T08:06:55","guid":{"rendered":"https:\/\/www.veneciacr.com\/index.php\/producto\/candado-combinacion-20mm-cl-20c-hermex\/"},"modified":"2026-04-28T02:06:55","modified_gmt":"2026-04-28T08:06:55","slug":"candado-combinacion-20mm-cl-20c-hermex","status":"publish","type":"product","link":"https:\/\/www.veneciacr.com\/index.php\/producto\/candado-combinacion-20mm-cl-20c-hermex\/","title":{"rendered":"CANDADO COMBINACION 20MM CL-20C HERMEX"},"content":{"rendered":"<p>Cuerpo de lat\u00f3n s\u00f3lido y gancho de acero con acabado cromado<\/p>\n<p>Cilindro de lat\u00f3n s\u00f3lido, seguro de combinaci\u00f3n de 3 d\u00edgitos<\/p>\n<p>Se puede personalizar la combinaci\u00f3n<\/p>\n<p>Mecanismo interno resistente a la corrosi\u00f3n<\/p>\n","protected":false},"excerpt":{"rendered":"<p>Cuerpo de lat\u00f3n s\u00f3lido y gancho de acero con acabado cromado Cilindro de lat\u00f3n s\u00f3lido, seguro de combinaci\u00f3n de 3<\/p>\n","protected":false},"featured_media":93876,"comment_status":"closed","ping_status":"open","template":"","meta":[],"product_brand":[],"product_cat":[170,19],"product_tag":[],"class_list":{"0":"post-93875","1":"product","2":"type-product","3":"status-publish","4":"has-post-thumbnail","6":"product_cat-candados","7":"product_cat-ferreteria","9":"first","10":"outofstock","11":"purchasable","12":"product-type-simple"},"jetpack_sharing_enabled":true,"_links":{"self":[{"href":"https:\/\/www.veneciacr.com\/index.php\/wp-json\/wp\/v2\/product\/93875","targetHints":{"allow":["GET"]}}],"collection":[{"href":"https:\/\/www.veneciacr.com\/index.php\/wp-json\/wp\/v2\/product"}],"about":[{"href":"https:\/\/www.veneciacr.com\/index.php\/wp-json\/wp\/v2\/types\/product"}],"replies":[{"embeddable":true,"href":"https:\/\/www.veneciacr.com\/index.php\/wp-json\/wp\/v2\/comments?post=93875"}],"wp:featuredmedia":[{"embeddable":true,"href":"https:\/\/www.veneciacr.com\/index.php\/wp-json\/wp\/v2\/media\/93876"}],"wp:attachment":[{"href":"https:\/\/www.veneciacr.com\/index.php\/wp-json\/wp\/v2\/media?parent=93875"}],"wp:term":[{"taxonomy":"product_brand","embeddable":true,"href":"https:\/\/www.veneciacr.com\/index.php\/wp-json\/wp\/v2\/product_brand?post=93875"},{"taxonomy":"product_cat","embeddable":true,"href":"https:\/\/www.veneciacr.com\/index.php\/wp-json\/wp\/v2\/product_cat?post=93875"},{"taxonomy":"product_tag","embeddable":true,"href":"https:\/\/www.veneciacr.com\/index.php\/wp-json\/wp\/v2\/product_tag?post=93875"}],"curies":[{"name":"wp","href":"https:\/\/api.w.org\/{rel}","templated":true}]}}