{"id":93779,"date":"2026-04-21T02:42:51","date_gmt":"2026-04-21T08:42:51","guid":{"rendered":"https:\/\/www.veneciacr.com\/index.php\/producto\/pistola-pintar-inal-800ml-20v-s-bat-tsgli2003-total\/"},"modified":"2026-04-21T02:42:54","modified_gmt":"2026-04-21T08:42:54","slug":"pistola-pintar-inalambrico-800ml-20v-sin-bateria-tsgli2004-total","status":"publish","type":"product","link":"https:\/\/www.veneciacr.com\/index.php\/producto\/pistola-pintar-inalambrico-800ml-20v-sin-bateria-tsgli2004-total\/","title":{"rendered":"PISTOLA PINTAR INALAMBRICO 800ML 20V SIN BATERIA TSGLI2004 TOTAL"},"content":{"rendered":"<p>-Presi\u00f3n de pulverizaci\u00f3n: 0.1-0.2Bar<\/p>\n<p>-Flujo m\u00e1ximo: 800ml\/min<\/p>\n<p>-Viscosidad m\u00e1xima: 120DIN-s<\/p>\n<p>-Capacidad del contenedor: 800ml<\/p>\n<p>-Trae 1 taza de medici\u00f3n de viscosidad<\/p>\n<p>-Trae 1 aguja de limpieza de boquillas<\/p>\n<p>-2 Boquillas de cobre<\/p>\n<p>\u2013<strong>Bater\u00eda y cargador se venden por separado<\/strong><\/p>\n","protected":false},"excerpt":{"rendered":"<p>-Presi\u00f3n de pulverizaci\u00f3n: 0.1-0.2Bar -Flujo m\u00e1ximo: 800ml\/min -Viscosidad m\u00e1xima: 120DIN-s -Capacidad del contenedor: 800ml -Trae 1 taza de medici\u00f3n de<\/p>\n","protected":false},"featured_media":94766,"comment_status":"closed","ping_status":"open","template":"","meta":[],"product_brand":[],"product_cat":[23,87],"product_tag":[],"class_list":{"0":"post-93779","1":"product","2":"type-product","3":"status-publish","4":"has-post-thumbnail","6":"product_cat-herramientas","7":"product_cat-herramientas-electricas","9":"first","10":"instock","11":"purchasable","12":"product-type-simple"},"jetpack_sharing_enabled":true,"_links":{"self":[{"href":"https:\/\/www.veneciacr.com\/index.php\/wp-json\/wp\/v2\/product\/93779","targetHints":{"allow":["GET"]}}],"collection":[{"href":"https:\/\/www.veneciacr.com\/index.php\/wp-json\/wp\/v2\/product"}],"about":[{"href":"https:\/\/www.veneciacr.com\/index.php\/wp-json\/wp\/v2\/types\/product"}],"replies":[{"embeddable":true,"href":"https:\/\/www.veneciacr.com\/index.php\/wp-json\/wp\/v2\/comments?post=93779"}],"wp:featuredmedia":[{"embeddable":true,"href":"https:\/\/www.veneciacr.com\/index.php\/wp-json\/wp\/v2\/media\/94766"}],"wp:attachment":[{"href":"https:\/\/www.veneciacr.com\/index.php\/wp-json\/wp\/v2\/media?parent=93779"}],"wp:term":[{"taxonomy":"product_brand","embeddable":true,"href":"https:\/\/www.veneciacr.com\/index.php\/wp-json\/wp\/v2\/product_brand?post=93779"},{"taxonomy":"product_cat","embeddable":true,"href":"https:\/\/www.veneciacr.com\/index.php\/wp-json\/wp\/v2\/product_cat?post=93779"},{"taxonomy":"product_tag","embeddable":true,"href":"https:\/\/www.veneciacr.com\/index.php\/wp-json\/wp\/v2\/product_tag?post=93779"}],"curies":[{"name":"wp","href":"https:\/\/api.w.org\/{rel}","templated":true}]}}