{"id":93756,"date":"2026-05-07T01:55:19","date_gmt":"2026-05-07T07:55:19","guid":{"rendered":"https:\/\/www.veneciacr.com\/index.php\/producto\/torquimetro-ajustable-3-8-torq-3-8-truper\/"},"modified":"2026-05-07T01:55:20","modified_gmt":"2026-05-07T07:55:20","slug":"torquimetro-ajustable-3-8-torq-3-8-truper","status":"publish","type":"product","link":"https:\/\/www.veneciacr.com\/index.php\/producto\/torquimetro-ajustable-3-8-torq-3-8-truper\/","title":{"rendered":"TORQUIMETRO AJUSTABLE 3\/8&#8243; TORQ-3\/8 TRUPER"},"content":{"rendered":"<p>Torqu\u00edmetro de trueno, dos lecturas, cuadro 3\/8&#8243;, Truper<br \/>\nEngrane de acero al cromo vanadio de 24 dientes<br \/>\nCuerpo de acero al carbono<br \/>\nMango moleteado, antiderrapante para un mejor agarre<br \/>\nSistema reversible con selector de cambio de giro y bot\u00f3n de liberaci\u00f3n r\u00e1pida<br \/>\nEscala de torque en kilogramo-metro y pie-libra<\/p>\n<p>Especificaciones<br \/>\nCuadro mando 3\/8&#8243;<br \/>\nN\u00famero de dientes 24<br \/>\nLargo 14 1\/2&#8243; (37 cm)<br \/>\nRango de torque 5-80 lb-ft (7 &#8211; 108 Nm)<br \/>\nIncremento dual 1 lb-ft<br \/>\nEmpaque individual Estuche pl\u00e1stico<\/p>\n","protected":false},"excerpt":{"rendered":"<p>Torqu\u00edmetro de trueno, dos lecturas, cuadro 3\/8&#8243;, Truper Engrane de acero al cromo vanadio de 24 dientes Cuerpo de acero<\/p>\n","protected":false},"featured_media":93757,"comment_status":"closed","ping_status":"open","template":"","meta":[],"product_brand":[],"product_cat":[15],"product_tag":[],"class_list":{"0":"post-93756","1":"product","2":"type-product","3":"status-publish","4":"has-post-thumbnail","6":"product_cat-uncategorized","8":"first","9":"instock","10":"purchasable","11":"product-type-simple"},"jetpack_sharing_enabled":true,"_links":{"self":[{"href":"https:\/\/www.veneciacr.com\/index.php\/wp-json\/wp\/v2\/product\/93756","targetHints":{"allow":["GET"]}}],"collection":[{"href":"https:\/\/www.veneciacr.com\/index.php\/wp-json\/wp\/v2\/product"}],"about":[{"href":"https:\/\/www.veneciacr.com\/index.php\/wp-json\/wp\/v2\/types\/product"}],"replies":[{"embeddable":true,"href":"https:\/\/www.veneciacr.com\/index.php\/wp-json\/wp\/v2\/comments?post=93756"}],"wp:featuredmedia":[{"embeddable":true,"href":"https:\/\/www.veneciacr.com\/index.php\/wp-json\/wp\/v2\/media\/93757"}],"wp:attachment":[{"href":"https:\/\/www.veneciacr.com\/index.php\/wp-json\/wp\/v2\/media?parent=93756"}],"wp:term":[{"taxonomy":"product_brand","embeddable":true,"href":"https:\/\/www.veneciacr.com\/index.php\/wp-json\/wp\/v2\/product_brand?post=93756"},{"taxonomy":"product_cat","embeddable":true,"href":"https:\/\/www.veneciacr.com\/index.php\/wp-json\/wp\/v2\/product_cat?post=93756"},{"taxonomy":"product_tag","embeddable":true,"href":"https:\/\/www.veneciacr.com\/index.php\/wp-json\/wp\/v2\/product_tag?post=93756"}],"curies":[{"name":"wp","href":"https:\/\/api.w.org\/{rel}","templated":true}]}}