{"id":93741,"date":"2026-04-29T01:55:41","date_gmt":"2026-04-29T07:55:41","guid":{"rendered":"https:\/\/www.veneciacr.com\/index.php\/producto\/broca-escalonada-3-16-a-7-8-bes-12-truper\/"},"modified":"2026-04-29T01:55:42","modified_gmt":"2026-04-29T07:55:42","slug":"broca-escalonada-3-16-a-7-8-bes-12-truper","status":"publish","type":"product","link":"https:\/\/www.veneciacr.com\/index.php\/producto\/broca-escalonada-3-16-a-7-8-bes-12-truper\/","title":{"rendered":"BROCA ESCALONADA 3\/16 A 7\/8&#8243; BES-12 TRUPER"},"content":{"rendered":"<p>Punta Split Point autocentrable con dos filos de corte, para perforaciones m\u00e1s r\u00e1pidas y precisas<\/p>\n<p>Rango de perforaci\u00f3n 3\/16&#8243; &#8211; 7\/8&#8243;<\/p>\n<p>Di\u00e1metro marcado en l\u00e1ser de larga duraci\u00f3n para identificar r\u00e1pidamente el tama\u00f1o a perforar<\/p>\n<p>Fabricada en acero de alta velocidad (HSS) con acabado \u00f3xido negro<\/p>\n<p>Una sola broca realiza perforaciones de diferentes di\u00e1metros<\/p>\n<p>&nbsp;<\/p>\n<div class=\"col-6\">\n<div class=\"table-responsive tabla_border\">\n<table class=\"table table-bordered table_info_prod align-middle m-0\">\n<tbody>\n<tr id=\"tabla_especs\">\n<th class=\"tamanio_th_especs\" scope=\"row\">\n<p class=\"margen_tabla_especs\">Zanco (P3)<\/p>\n<\/th>\n<td>\n<p class=\"margen_tabla_especs\">3\/8&#8243;<\/p>\n<\/td>\n<\/tr>\n<tr id=\"tabla_especs\">\n<th class=\"tamanio_th_especs\" scope=\"row\">\n<p class=\"margen_tabla_especs\">Di\u00e1metros de perforaci\u00f3n<\/p>\n<\/th>\n<td>\n<p class=\"margen_tabla_especs\">3\/16&#8243;, 1\/4&#8243;, 5\/16&#8243;, 3\/8&#8243;, 7\/16&#8243;, 1\/2&#8243;, 9\/16&#8243;, 5\/8&#8243;, 11\/16&#8243;, 3\/4&#8243;,\u00a013\/16&#8243; y\u00a07\/8&#8243;<\/p>\n<\/td>\n<\/tr>\n<tr id=\"tabla_especs\">\n<th class=\"tamanio_th_especs\" scope=\"row\"><\/th>\n<td><\/td>\n<\/tr>\n<tr id=\"tabla_especs\">\n<th class=\"tamanio_th_especs\" scope=\"row\"><\/th>\n<td><\/td>\n<\/tr>\n<\/tbody>\n<\/table>\n<\/div>\n<\/div>\n<div class=\"col-6\">\n<div class=\"table-responsive tabla_border\">\n<table class=\"table table-bordered table_info_prod align-middle m-0\">\n<tbody>\n<tr id=\"tabla_especs\">\n<th class=\"tamanio_th_especs\" scope=\"row\">\n<p class=\"margen_tabla_especs\">Escalones<\/p>\n<\/th>\n<td>\n<p class=\"margen_tabla_especs\">12<\/p>\n<\/td>\n<\/tr>\n<tr id=\"tabla_especs\">\n<th class=\"tamanio_th_especs\" scope=\"row\">\n<p class=\"margen_tabla_especs\">Empaque individual<\/p>\n<\/th>\n<td>\n<p class=\"margen_tabla_especs\">Bl\u00edster<\/p>\n<\/td>\n<\/tr>\n<\/tbody>\n<\/table>\n<\/div>\n<\/div>\n","protected":false},"excerpt":{"rendered":"<p>Punta Split Point autocentrable con dos filos de corte, para perforaciones m\u00e1s r\u00e1pidas y precisas Rango de perforaci\u00f3n 3\/16&#8243; &#8211;<\/p>\n","protected":false},"featured_media":93742,"comment_status":"closed","ping_status":"open","template":"","meta":[],"product_brand":[],"product_cat":[15],"product_tag":[],"class_list":{"0":"post-93741","1":"product","2":"type-product","3":"status-publish","4":"has-post-thumbnail","6":"product_cat-uncategorized","8":"first","9":"instock","10":"purchasable","11":"product-type-simple"},"jetpack_sharing_enabled":true,"_links":{"self":[{"href":"https:\/\/www.veneciacr.com\/index.php\/wp-json\/wp\/v2\/product\/93741","targetHints":{"allow":["GET"]}}],"collection":[{"href":"https:\/\/www.veneciacr.com\/index.php\/wp-json\/wp\/v2\/product"}],"about":[{"href":"https:\/\/www.veneciacr.com\/index.php\/wp-json\/wp\/v2\/types\/product"}],"replies":[{"embeddable":true,"href":"https:\/\/www.veneciacr.com\/index.php\/wp-json\/wp\/v2\/comments?post=93741"}],"wp:featuredmedia":[{"embeddable":true,"href":"https:\/\/www.veneciacr.com\/index.php\/wp-json\/wp\/v2\/media\/93742"}],"wp:attachment":[{"href":"https:\/\/www.veneciacr.com\/index.php\/wp-json\/wp\/v2\/media?parent=93741"}],"wp:term":[{"taxonomy":"product_brand","embeddable":true,"href":"https:\/\/www.veneciacr.com\/index.php\/wp-json\/wp\/v2\/product_brand?post=93741"},{"taxonomy":"product_cat","embeddable":true,"href":"https:\/\/www.veneciacr.com\/index.php\/wp-json\/wp\/v2\/product_cat?post=93741"},{"taxonomy":"product_tag","embeddable":true,"href":"https:\/\/www.veneciacr.com\/index.php\/wp-json\/wp\/v2\/product_tag?post=93741"}],"curies":[{"name":"wp","href":"https:\/\/api.w.org\/{rel}","templated":true}]}}