{"id":93638,"date":"2026-04-24T01:59:33","date_gmt":"2026-04-24T07:59:33","guid":{"rendered":"https:\/\/www.veneciacr.com\/index.php\/producto\/pegamento-pvc-4oz-pegatanke\/"},"modified":"2026-04-24T01:59:33","modified_gmt":"2026-04-24T07:59:33","slug":"pegamento-pvc-118ml-4oz-pegatanke","status":"publish","type":"product","link":"https:\/\/www.veneciacr.com\/index.php\/producto\/pegamento-pvc-118ml-4oz-pegatanke\/","title":{"rendered":"PEGAMENTO PVC 118ML 4OZ PEGATANKE"},"content":{"rendered":"<p>PEGAMENTO PVC-CPVC Ultra<br \/>\n118 ml (4 onzas l\u00edquidas)<\/p>\n<p>Pegatanke PVC-CPVC Ultra es un pegamento dise\u00f1ado para unir fijamente tuber\u00edas de PVC (agua fr\u00eda) y CPVC (agua caliente) de forma r\u00e1pida y sencilla, ofreciendo mayor tiempo de vida \u00fatil a las conexiones de este tipo de material, siendo funcional en piezas al seco o totalmente sumergidas en agua.<\/p>\n<p>EXCELENTE PARA<br \/>\n&#8211; Tuber\u00edas PVC \/ CPVC<br \/>\n&#8211; Conexiones PVC \/ CPVC<br \/>\n&#8211; Canaletas PVC \/ CPVC<\/p>\n<p>INSTRUCCIONES DE USO:<br \/>\n1. Limpie el tubo o conexi\u00f3n de PVC o CPVC, quitando el material sobrante de los bordes o superficie (virutas y\/o polvo).<br \/>\n2. Utilice el aplicador para distribuir uniformemente una capa de pegamento PVC-CPVC Ultra en el extremo externo del tubo y otra capa en el extremo interno de la conexi\u00f3n.<br \/>\n3. Inserte el tubo en la conexi\u00f3n con movimientos giratorios mientras que el pegamento est\u00e9 h\u00famedo hasta que calce.<br \/>\n4. Mantenga la uni\u00f3n presionada durante 10 segundos en la tuber\u00eda.<br \/>\n5. Para utilizar debajo del agua, debe poner pegamento PVC-CPVC Ultra en la uni\u00f3n fuera del agua, sumergir la pieza e insertar el tubo en la conexi\u00f3n con movimiento giratorios.<\/p>\n<p>USADA EN: \u2022 Uni\u00f3n de tuber\u00edas de PVC \u2022 Uni\u00f3n de tuber\u00edas de CPVC \u2022 Uni\u00f3n de tuber\u00edas de desag\u00fce o drenaje de PVCs \u2022 Uni\u00f3n de tuber\u00edas de ventilaci\u00f3n de PVC \u2022 Uni\u00f3n de tuber\u00edas condouit PVCE1 PVC \u2022 Este producto puede ser usado en el hogar e industrias.<\/p>\n","protected":false},"excerpt":{"rendered":"<p>PEGAMENTO PVC-CPVC Ultra 118 ml (4 onzas l\u00edquidas) Pegatanke PVC-CPVC Ultra es un pegamento dise\u00f1ado para unir fijamente tuber\u00edas de<\/p>\n","protected":false},"featured_media":99827,"comment_status":"closed","ping_status":"open","template":"","meta":[],"product_brand":[],"product_cat":[29],"product_tag":[],"class_list":{"0":"post-93638","1":"product","2":"type-product","3":"status-publish","4":"has-post-thumbnail","6":"product_cat-plomeria","8":"first","9":"instock","10":"purchasable","11":"product-type-simple"},"jetpack_sharing_enabled":true,"_links":{"self":[{"href":"https:\/\/www.veneciacr.com\/index.php\/wp-json\/wp\/v2\/product\/93638","targetHints":{"allow":["GET"]}}],"collection":[{"href":"https:\/\/www.veneciacr.com\/index.php\/wp-json\/wp\/v2\/product"}],"about":[{"href":"https:\/\/www.veneciacr.com\/index.php\/wp-json\/wp\/v2\/types\/product"}],"replies":[{"embeddable":true,"href":"https:\/\/www.veneciacr.com\/index.php\/wp-json\/wp\/v2\/comments?post=93638"}],"wp:featuredmedia":[{"embeddable":true,"href":"https:\/\/www.veneciacr.com\/index.php\/wp-json\/wp\/v2\/media\/99827"}],"wp:attachment":[{"href":"https:\/\/www.veneciacr.com\/index.php\/wp-json\/wp\/v2\/media?parent=93638"}],"wp:term":[{"taxonomy":"product_brand","embeddable":true,"href":"https:\/\/www.veneciacr.com\/index.php\/wp-json\/wp\/v2\/product_brand?post=93638"},{"taxonomy":"product_cat","embeddable":true,"href":"https:\/\/www.veneciacr.com\/index.php\/wp-json\/wp\/v2\/product_cat?post=93638"},{"taxonomy":"product_tag","embeddable":true,"href":"https:\/\/www.veneciacr.com\/index.php\/wp-json\/wp\/v2\/product_tag?post=93638"}],"curies":[{"name":"wp","href":"https:\/\/api.w.org\/{rel}","templated":true}]}}