{"id":93602,"date":"2026-04-21T02:15:45","date_gmt":"2026-04-21T08:15:45","guid":{"rendered":"https:\/\/www.veneciacr.com\/index.php\/producto\/cinta-metrica-bolsillo-2m-fb-2m-truper\/"},"modified":"2026-04-21T02:15:48","modified_gmt":"2026-04-21T08:15:48","slug":"cinta-metrica-bolsillo-2m-fb-2m-truper","status":"publish","type":"product","link":"https:\/\/www.veneciacr.com\/index.php\/producto\/cinta-metrica-bolsillo-2m-fb-2m-truper\/","title":{"rendered":"CINTA METRICA BOLSILLO 2M FB-2M TRUPER"},"content":{"rendered":"<p>Carcasa de ABS<\/p>\n<p>Cinta recubierta de laca para m\u00e1xima duraci\u00f3n de la graduaci\u00f3n<\/p>\n<p>Practico y ligero para llevar a cualquier lugar<\/p>\n","protected":false},"excerpt":{"rendered":"<p>Carcasa de ABS Cinta recubierta de laca para m\u00e1xima duraci\u00f3n de la graduaci\u00f3n Practico y ligero para llevar a cualquier<\/p>\n","protected":false},"featured_media":93603,"comment_status":"closed","ping_status":"open","template":"","meta":[],"product_brand":[],"product_cat":[152,23],"product_tag":[],"class_list":{"0":"post-93602","1":"product","2":"type-product","3":"status-publish","4":"has-post-thumbnail","6":"product_cat-herramienta-manuales","7":"product_cat-herramientas","9":"first","10":"instock","11":"purchasable","12":"product-type-simple"},"jetpack_sharing_enabled":true,"_links":{"self":[{"href":"https:\/\/www.veneciacr.com\/index.php\/wp-json\/wp\/v2\/product\/93602","targetHints":{"allow":["GET"]}}],"collection":[{"href":"https:\/\/www.veneciacr.com\/index.php\/wp-json\/wp\/v2\/product"}],"about":[{"href":"https:\/\/www.veneciacr.com\/index.php\/wp-json\/wp\/v2\/types\/product"}],"replies":[{"embeddable":true,"href":"https:\/\/www.veneciacr.com\/index.php\/wp-json\/wp\/v2\/comments?post=93602"}],"wp:featuredmedia":[{"embeddable":true,"href":"https:\/\/www.veneciacr.com\/index.php\/wp-json\/wp\/v2\/media\/93603"}],"wp:attachment":[{"href":"https:\/\/www.veneciacr.com\/index.php\/wp-json\/wp\/v2\/media?parent=93602"}],"wp:term":[{"taxonomy":"product_brand","embeddable":true,"href":"https:\/\/www.veneciacr.com\/index.php\/wp-json\/wp\/v2\/product_brand?post=93602"},{"taxonomy":"product_cat","embeddable":true,"href":"https:\/\/www.veneciacr.com\/index.php\/wp-json\/wp\/v2\/product_cat?post=93602"},{"taxonomy":"product_tag","embeddable":true,"href":"https:\/\/www.veneciacr.com\/index.php\/wp-json\/wp\/v2\/product_tag?post=93602"}],"curies":[{"name":"wp","href":"https:\/\/api.w.org\/{rel}","templated":true}]}}