{"id":93580,"date":"2026-04-30T01:55:14","date_gmt":"2026-04-30T07:55:14","guid":{"rendered":"https:\/\/www.veneciacr.com\/index.php\/producto\/tubo-grasa-amarillo-multiprop-14oz-mg-700-a-abro\/"},"modified":"2026-04-30T01:55:14","modified_gmt":"2026-04-30T07:55:14","slug":"tubo-grasa-amarillo-multiproposito-14oz-mg-700-a-abro","status":"publish","type":"product","link":"https:\/\/www.veneciacr.com\/index.php\/producto\/tubo-grasa-amarillo-multiproposito-14oz-mg-700-a-abro\/","title":{"rendered":"TUBO GRASA AMARILLO MULTIPROPOSITO 14OZ MG-700-A ABRO"},"content":{"rendered":"<p><span>Proporciona una excelente lubricaci\u00f3n para<\/span><br \/>\n<span>aplicaciones automotrices, industriales, agr\u00edcolas y dom\u00e9sticas.<\/span><\/p>\n","protected":false},"excerpt":{"rendered":"<p>Proporciona una excelente lubricaci\u00f3n para aplicaciones automotrices, industriales, agr\u00edcolas y dom\u00e9sticas.<\/p>\n","protected":false},"featured_media":93581,"comment_status":"closed","ping_status":"open","template":"","meta":[],"product_brand":[],"product_cat":[15],"product_tag":[],"class_list":{"0":"post-93580","1":"product","2":"type-product","3":"status-publish","4":"has-post-thumbnail","6":"product_cat-uncategorized","8":"first","9":"instock","10":"purchasable","11":"product-type-simple"},"jetpack_sharing_enabled":true,"_links":{"self":[{"href":"https:\/\/www.veneciacr.com\/index.php\/wp-json\/wp\/v2\/product\/93580","targetHints":{"allow":["GET"]}}],"collection":[{"href":"https:\/\/www.veneciacr.com\/index.php\/wp-json\/wp\/v2\/product"}],"about":[{"href":"https:\/\/www.veneciacr.com\/index.php\/wp-json\/wp\/v2\/types\/product"}],"replies":[{"embeddable":true,"href":"https:\/\/www.veneciacr.com\/index.php\/wp-json\/wp\/v2\/comments?post=93580"}],"wp:featuredmedia":[{"embeddable":true,"href":"https:\/\/www.veneciacr.com\/index.php\/wp-json\/wp\/v2\/media\/93581"}],"wp:attachment":[{"href":"https:\/\/www.veneciacr.com\/index.php\/wp-json\/wp\/v2\/media?parent=93580"}],"wp:term":[{"taxonomy":"product_brand","embeddable":true,"href":"https:\/\/www.veneciacr.com\/index.php\/wp-json\/wp\/v2\/product_brand?post=93580"},{"taxonomy":"product_cat","embeddable":true,"href":"https:\/\/www.veneciacr.com\/index.php\/wp-json\/wp\/v2\/product_cat?post=93580"},{"taxonomy":"product_tag","embeddable":true,"href":"https:\/\/www.veneciacr.com\/index.php\/wp-json\/wp\/v2\/product_tag?post=93580"}],"curies":[{"name":"wp","href":"https:\/\/api.w.org\/{rel}","templated":true}]}}