{"id":93533,"date":"2026-05-01T01:54:56","date_gmt":"2026-05-01T07:54:56","guid":{"rendered":"https:\/\/www.veneciacr.com\/index.php\/producto\/escuadra-negra-trenzado-8x8-med-8nt-fiero-ec06\/"},"modified":"2026-05-01T01:54:56","modified_gmt":"2026-05-01T07:54:56","slug":"unidad-escuadra-negra-trenzado-8x8-med-8nt-fiero-ec06","status":"publish","type":"product","link":"https:\/\/www.veneciacr.com\/index.php\/producto\/unidad-escuadra-negra-trenzado-8x8-med-8nt-fiero-ec06\/","title":{"rendered":"UNIDAD ESCUADRA NEGRA TRENZADO 8X8&#8243; MED-8NT FIERO EC06"},"content":{"rendered":"<p>Fabricada de acero<\/p>\n<p>F\u00e1cil instalaci\u00f3n<\/p>\n<p>\u00datil para emplearse como soporte de repisas o cubiertas<\/p>\n<p><img loading=\"lazy\" decoding=\"async\" class=\"img_vinietas\" src=\"https:\/\/www.truper.com\/admin\/images\/vinietas\/47703-01.svg\" width=\"71\" height=\"71\" \/><img loading=\"lazy\" decoding=\"async\" class=\"img_vinietas\" src=\"https:\/\/www.truper.com\/admin\/images\/vinietas\/47703-02.svg\" width=\"69\" height=\"69\" \/><\/p>\n","protected":false},"excerpt":{"rendered":"<p>Fabricada de acero F\u00e1cil instalaci\u00f3n \u00datil para emplearse como soporte de repisas o cubiertas<\/p>\n","protected":false},"featured_media":93534,"comment_status":"closed","ping_status":"open","template":"","meta":[],"product_brand":[],"product_cat":[19,100],"product_tag":[],"class_list":{"0":"post-93533","1":"product","2":"type-product","3":"status-publish","4":"has-post-thumbnail","6":"product_cat-ferreteria","7":"product_cat-soportes-para-repisas","9":"first","10":"instock","11":"purchasable","12":"product-type-simple"},"jetpack_sharing_enabled":true,"_links":{"self":[{"href":"https:\/\/www.veneciacr.com\/index.php\/wp-json\/wp\/v2\/product\/93533","targetHints":{"allow":["GET"]}}],"collection":[{"href":"https:\/\/www.veneciacr.com\/index.php\/wp-json\/wp\/v2\/product"}],"about":[{"href":"https:\/\/www.veneciacr.com\/index.php\/wp-json\/wp\/v2\/types\/product"}],"replies":[{"embeddable":true,"href":"https:\/\/www.veneciacr.com\/index.php\/wp-json\/wp\/v2\/comments?post=93533"}],"wp:featuredmedia":[{"embeddable":true,"href":"https:\/\/www.veneciacr.com\/index.php\/wp-json\/wp\/v2\/media\/93534"}],"wp:attachment":[{"href":"https:\/\/www.veneciacr.com\/index.php\/wp-json\/wp\/v2\/media?parent=93533"}],"wp:term":[{"taxonomy":"product_brand","embeddable":true,"href":"https:\/\/www.veneciacr.com\/index.php\/wp-json\/wp\/v2\/product_brand?post=93533"},{"taxonomy":"product_cat","embeddable":true,"href":"https:\/\/www.veneciacr.com\/index.php\/wp-json\/wp\/v2\/product_cat?post=93533"},{"taxonomy":"product_tag","embeddable":true,"href":"https:\/\/www.veneciacr.com\/index.php\/wp-json\/wp\/v2\/product_tag?post=93533"}],"curies":[{"name":"wp","href":"https:\/\/api.w.org\/{rel}","templated":true}]}}