{"id":93498,"date":"2026-04-21T02:18:08","date_gmt":"2026-04-21T08:18:08","guid":{"rendered":"https:\/\/www.veneciacr.com\/index.php\/producto\/filtro-agua-completo-jumbo-fila-p2-foset\/"},"modified":"2026-04-21T02:18:10","modified_gmt":"2026-04-21T08:18:10","slug":"filtro-agua-completo-jumbo-fila-p2-foset","status":"publish","type":"product","link":"https:\/\/www.veneciacr.com\/index.php\/producto\/filtro-agua-completo-jumbo-fila-p2-foset\/","title":{"rendered":"FILTRO AGUA COMPLETO JUMBO FILA-P2 FOSET"},"content":{"rendered":"<p>Vaso de polipropileno<\/p>\n<p>Cartucho filtro de poliester<\/p>\n<p>Empaque de hule<\/p>\n<p>Retiene los sedimentos de part\u00edculas s\u00f3lidas como tierra y arena, evitando que se obstruyan las tuber\u00edas, regaderas y llaves<\/p>\n<p>Para toma domiciliaria, tinaco y cisterna<\/p>\n<div class=\"col-6\">\n<div class=\"table-responsive tabla_border\">\n<table class=\"table table-bordered table_info_prod align-middle m-0\">\n<tbody>\n<tr id=\"tabla_especs\">\n<th class=\"tamanio_th_especs\" scope=\"row\">\n<p class=\"margen_tabla_especs\">Presi\u00f3n de operaci\u00f3n<\/p>\n<\/th>\n<td>\n<p class=\"margen_tabla_especs\">0.2 a 7 kg\/cm\u00b2<\/p>\n<\/td>\n<\/tr>\n<tr id=\"tabla_especs\">\n<th class=\"tamanio_th_especs\" scope=\"row\">\n<p class=\"margen_tabla_especs\">Capacidad de filtro<\/p>\n<\/th>\n<td>\n<p class=\"margen_tabla_especs\">900 L\/h<\/p>\n<\/td>\n<\/tr>\n<tr id=\"tabla_especs\">\n<th class=\"tamanio_th_especs\" scope=\"row\">\n<p class=\"margen_tabla_especs\">Alto del filtro<\/p>\n<\/th>\n<td>\n<p class=\"margen_tabla_especs\">34.5\u00a0cm<\/p>\n<\/td>\n<\/tr>\n<tr id=\"tabla_especs\">\n<th class=\"tamanio_th_especs\" scope=\"row\">\n<p class=\"margen_tabla_especs\">Peso<\/p>\n<\/th>\n<td>\n<p class=\"margen_tabla_especs\">3,120\u00a0g<\/p>\n<\/td>\n<\/tr>\n<tr id=\"tabla_especs\">\n<th class=\"tamanio_th_especs\" scope=\"row\"><\/th>\n<td><\/td>\n<\/tr>\n<tr id=\"tabla_especs\">\n<th class=\"tamanio_th_especs\" scope=\"row\"><\/th>\n<td><\/td>\n<\/tr>\n<\/tbody>\n<\/table>\n<\/div>\n<\/div>\n<div class=\"col-6\">\n<div class=\"table-responsive tabla_border\">\n<table class=\"table table-bordered table_info_prod align-middle m-0\">\n<tbody>\n<tr id=\"tabla_especs\">\n<th class=\"tamanio_th_especs\" scope=\"row\">\n<p class=\"margen_tabla_especs\">Micras de filtraci\u00f3n<\/p>\n<\/th>\n<td>\n<p class=\"margen_tabla_especs\">5<\/p>\n<\/td>\n<\/tr>\n<tr id=\"tabla_especs\">\n<th class=\"tamanio_th_especs\" scope=\"row\">\n<p class=\"margen_tabla_especs\">Tiempo de vida \u00fatil del cartucho<\/p>\n<\/th>\n<td>\n<p class=\"margen_tabla_especs\">3 a 6 meses<\/p>\n<\/td>\n<\/tr>\n<tr id=\"tabla_especs\">\n<th class=\"tamanio_th_especs\" scope=\"row\">\n<p class=\"margen_tabla_especs\">Tipo de rosca<\/p>\n<\/th>\n<td>\n<p class=\"margen_tabla_especs\">1&#8243; &#8211; 11.5\u00a0NPT<\/p>\n<\/td>\n<\/tr>\n<\/tbody>\n<\/table>\n<\/div>\n<\/div>\n","protected":false},"excerpt":{"rendered":"<p>Vaso de polipropileno Cartucho filtro de poliester Empaque de hule Retiene los sedimentos de part\u00edculas s\u00f3lidas como tierra y arena,<\/p>\n","protected":false},"featured_media":93499,"comment_status":"closed","ping_status":"open","template":"","meta":[],"product_brand":[],"product_cat":[15],"product_tag":[],"class_list":{"0":"post-93498","1":"product","2":"type-product","3":"status-publish","4":"has-post-thumbnail","6":"product_cat-uncategorized","8":"first","9":"instock","10":"purchasable","11":"product-type-simple"},"jetpack_sharing_enabled":true,"_links":{"self":[{"href":"https:\/\/www.veneciacr.com\/index.php\/wp-json\/wp\/v2\/product\/93498","targetHints":{"allow":["GET"]}}],"collection":[{"href":"https:\/\/www.veneciacr.com\/index.php\/wp-json\/wp\/v2\/product"}],"about":[{"href":"https:\/\/www.veneciacr.com\/index.php\/wp-json\/wp\/v2\/types\/product"}],"replies":[{"embeddable":true,"href":"https:\/\/www.veneciacr.com\/index.php\/wp-json\/wp\/v2\/comments?post=93498"}],"wp:featuredmedia":[{"embeddable":true,"href":"https:\/\/www.veneciacr.com\/index.php\/wp-json\/wp\/v2\/media\/93499"}],"wp:attachment":[{"href":"https:\/\/www.veneciacr.com\/index.php\/wp-json\/wp\/v2\/media?parent=93498"}],"wp:term":[{"taxonomy":"product_brand","embeddable":true,"href":"https:\/\/www.veneciacr.com\/index.php\/wp-json\/wp\/v2\/product_brand?post=93498"},{"taxonomy":"product_cat","embeddable":true,"href":"https:\/\/www.veneciacr.com\/index.php\/wp-json\/wp\/v2\/product_cat?post=93498"},{"taxonomy":"product_tag","embeddable":true,"href":"https:\/\/www.veneciacr.com\/index.php\/wp-json\/wp\/v2\/product_tag?post=93498"}],"curies":[{"name":"wp","href":"https:\/\/api.w.org\/{rel}","templated":true}]}}