{"id":93488,"date":"2026-04-30T01:55:19","date_gmt":"2026-04-30T07:55:19","guid":{"rendered":"https:\/\/www.veneciacr.com\/index.php\/producto\/set-puntas-diamante-20pzs-moto-20pd-truper\/"},"modified":"2026-04-30T01:55:19","modified_gmt":"2026-04-30T07:55:19","slug":"set-puntas-diamante-20pzs-moto-20pd-truper","status":"publish","type":"product","link":"https:\/\/www.veneciacr.com\/index.php\/producto\/set-puntas-diamante-20pzs-moto-20pd-truper\/","title":{"rendered":"SET PUNTAS DIAMANTE 20PZS MOTO-20PD TRUPER"},"content":{"rendered":"<p>Ideal para trabajar sobre metal, piedra, pl\u00e1stico, hormig\u00f3n, m\u00e1rmol, mamposter\u00eda, madera, vidrio y fibra de vidrio<br \/>\nCompatible con otras marcas de herramientas<br \/>\nPr\u00e1ctico estuche organizador que facilita el almacenamiento de puntas<\/p>\n<p>Velocidad m\u00e1xima 35,000 rpm<br \/>\nEmpaque individual Estuche<\/p>\n<p>Incluye<br \/>\n2 Puntas redondas<br \/>\n1 Punta triangular<br \/>\n5 Puntas esf\u00e9ricas<br \/>\n6 Puntas cil\u00edndricas<br \/>\n3 Puntas \u00e1rbol<br \/>\n1 Punta c\u00f3nica nariz cuadrada<br \/>\n2 Puntas c\u00f3nicas puntiagudas<\/p>\n","protected":false},"excerpt":{"rendered":"<p>Ideal para trabajar sobre metal, piedra, pl\u00e1stico, hormig\u00f3n, m\u00e1rmol, mamposter\u00eda, madera, vidrio y fibra de vidrio Compatible con otras marcas<\/p>\n","protected":false},"featured_media":93489,"comment_status":"closed","ping_status":"open","template":"","meta":[],"product_brand":[],"product_cat":[15],"product_tag":[],"class_list":{"0":"post-93488","1":"product","2":"type-product","3":"status-publish","4":"has-post-thumbnail","6":"product_cat-uncategorized","8":"first","9":"instock","10":"purchasable","11":"product-type-simple"},"jetpack_sharing_enabled":true,"_links":{"self":[{"href":"https:\/\/www.veneciacr.com\/index.php\/wp-json\/wp\/v2\/product\/93488","targetHints":{"allow":["GET"]}}],"collection":[{"href":"https:\/\/www.veneciacr.com\/index.php\/wp-json\/wp\/v2\/product"}],"about":[{"href":"https:\/\/www.veneciacr.com\/index.php\/wp-json\/wp\/v2\/types\/product"}],"replies":[{"embeddable":true,"href":"https:\/\/www.veneciacr.com\/index.php\/wp-json\/wp\/v2\/comments?post=93488"}],"wp:featuredmedia":[{"embeddable":true,"href":"https:\/\/www.veneciacr.com\/index.php\/wp-json\/wp\/v2\/media\/93489"}],"wp:attachment":[{"href":"https:\/\/www.veneciacr.com\/index.php\/wp-json\/wp\/v2\/media?parent=93488"}],"wp:term":[{"taxonomy":"product_brand","embeddable":true,"href":"https:\/\/www.veneciacr.com\/index.php\/wp-json\/wp\/v2\/product_brand?post=93488"},{"taxonomy":"product_cat","embeddable":true,"href":"https:\/\/www.veneciacr.com\/index.php\/wp-json\/wp\/v2\/product_cat?post=93488"},{"taxonomy":"product_tag","embeddable":true,"href":"https:\/\/www.veneciacr.com\/index.php\/wp-json\/wp\/v2\/product_tag?post=93488"}],"curies":[{"name":"wp","href":"https:\/\/api.w.org\/{rel}","templated":true}]}}