{"id":93486,"date":"2026-04-21T02:18:21","date_gmt":"2026-04-21T08:18:21","guid":{"rendered":"https:\/\/www.veneciacr.com\/index.php\/producto\/timer-analogico-exteriores-tem-1e-volteck\/"},"modified":"2026-04-21T02:18:23","modified_gmt":"2026-04-21T08:18:23","slug":"timer-analogo-exteriores-tem-1e-volteck","status":"publish","type":"product","link":"https:\/\/www.veneciacr.com\/index.php\/producto\/timer-analogo-exteriores-tem-1e-volteck\/","title":{"rendered":"TIMER ANALOGO EXTERIORES TEM-1E VOLTECK"},"content":{"rendered":"<p>Fabricado en policarbonato<\/p>\n<p>El programa se repite cada 24 horas<\/p>\n<p>Programaci\u00f3n de encendido y apagado en intervalos de 30 minutos<\/p>\n<p>Programa autom\u00e1tico para luces, l\u00e1mparas y aparatos el\u00e9ctricos<\/p>\n","protected":false},"excerpt":{"rendered":"<p>Fabricado en policarbonato El programa se repite cada 24 horas Programaci\u00f3n de encendido y apagado en intervalos de 30 minutos<\/p>\n","protected":false},"featured_media":93487,"comment_status":"closed","ping_status":"open","template":"","meta":[],"product_brand":[],"product_cat":[15],"product_tag":[],"class_list":{"0":"post-93486","1":"product","2":"type-product","3":"status-publish","4":"has-post-thumbnail","6":"product_cat-uncategorized","8":"first","9":"instock","10":"purchasable","11":"product-type-simple"},"jetpack_sharing_enabled":true,"_links":{"self":[{"href":"https:\/\/www.veneciacr.com\/index.php\/wp-json\/wp\/v2\/product\/93486","targetHints":{"allow":["GET"]}}],"collection":[{"href":"https:\/\/www.veneciacr.com\/index.php\/wp-json\/wp\/v2\/product"}],"about":[{"href":"https:\/\/www.veneciacr.com\/index.php\/wp-json\/wp\/v2\/types\/product"}],"replies":[{"embeddable":true,"href":"https:\/\/www.veneciacr.com\/index.php\/wp-json\/wp\/v2\/comments?post=93486"}],"wp:featuredmedia":[{"embeddable":true,"href":"https:\/\/www.veneciacr.com\/index.php\/wp-json\/wp\/v2\/media\/93487"}],"wp:attachment":[{"href":"https:\/\/www.veneciacr.com\/index.php\/wp-json\/wp\/v2\/media?parent=93486"}],"wp:term":[{"taxonomy":"product_brand","embeddable":true,"href":"https:\/\/www.veneciacr.com\/index.php\/wp-json\/wp\/v2\/product_brand?post=93486"},{"taxonomy":"product_cat","embeddable":true,"href":"https:\/\/www.veneciacr.com\/index.php\/wp-json\/wp\/v2\/product_cat?post=93486"},{"taxonomy":"product_tag","embeddable":true,"href":"https:\/\/www.veneciacr.com\/index.php\/wp-json\/wp\/v2\/product_tag?post=93486"}],"curies":[{"name":"wp","href":"https:\/\/api.w.org\/{rel}","templated":true}]}}