{"id":93462,"date":"2026-04-30T01:55:19","date_gmt":"2026-04-30T07:55:19","guid":{"rendered":"https:\/\/www.veneciacr.com\/index.php\/producto\/cono-precaucion-pvc-45cm-cono-45rp-pretul\/"},"modified":"2026-04-30T01:55:19","modified_gmt":"2026-04-30T07:55:19","slug":"cono-seguridad-pvc-45cm-cono-45rp-pretul","status":"publish","type":"product","link":"https:\/\/www.veneciacr.com\/index.php\/producto\/cono-seguridad-pvc-45cm-cono-45rp-pretul\/","title":{"rendered":"CONO SEGURIDAD PVC 45CM CONO-45RP PRETUL"},"content":{"rendered":"<p>Gran flexibilidad y resistencia a la deformaci\u00f3n e impactos<\/p>\n<p>Fabricado en una pieza<\/p>\n<p>Base cuadrada con 8 puntos de estabilidad<\/p>\n<p>Apilable<\/p>\n<p>Para delimitar \u00e1reas, se\u00f1alar obras en construcci\u00f3n o zonas de precauci\u00f3n<\/p>\n<div class=\"col-6\">\n<div class=\"table-responsive tabla_border\">\n<table class=\"table table-bordered table_info_prod align-middle m-0\">\n<tbody>\n<tr id=\"tabla_especs\">\n<th class=\"tamanio_th_especs\" scope=\"row\">\n<p class=\"margen_tabla_especs\">Reflejante<\/p>\n<\/th>\n<td>\n<p class=\"margen_tabla_especs\">10 cm<\/p>\n<\/td>\n<\/tr>\n<tr id=\"tabla_especs\">\n<th class=\"tamanio_th_especs\" scope=\"row\">\n<p class=\"margen_tabla_especs\">Base<\/p>\n<\/th>\n<td>\n<p class=\"margen_tabla_especs\">27\u00a0x 27 cm<\/p>\n<\/td>\n<\/tr>\n<\/tbody>\n<\/table>\n<\/div>\n<\/div>\n<div class=\"col-6\">\n<div class=\"table-responsive tabla_border\">\n<table class=\"table table-bordered table_info_prod align-middle m-0\">\n<tbody>\n<tr id=\"tabla_especs\">\n<th class=\"tamanio_th_especs\" scope=\"row\">\n<p class=\"margen_tabla_especs\">Alto<\/p>\n<\/th>\n<td>\n<p class=\"margen_tabla_especs\">45 cm (18&#8243;)<\/p>\n<\/td>\n<\/tr>\n<tr id=\"tabla_especs\">\n<th class=\"tamanio_th_especs\" scope=\"row\">\n<p class=\"margen_tabla_especs\">Peso<\/p>\n<\/th>\n<td>\n<p class=\"margen_tabla_especs\">1 kg<\/p>\n<\/td>\n<\/tr>\n<\/tbody>\n<\/table>\n<\/div>\n<\/div>\n","protected":false},"excerpt":{"rendered":"<p>Gran flexibilidad y resistencia a la deformaci\u00f3n e impactos Fabricado en una pieza Base cuadrada con 8 puntos de estabilidad<\/p>\n","protected":false},"featured_media":93463,"comment_status":"closed","ping_status":"open","template":"","meta":[],"product_brand":[],"product_cat":[15],"product_tag":[],"class_list":{"0":"post-93462","1":"product","2":"type-product","3":"status-publish","4":"has-post-thumbnail","6":"product_cat-uncategorized","8":"first","9":"instock","10":"purchasable","11":"product-type-simple"},"jetpack_sharing_enabled":true,"_links":{"self":[{"href":"https:\/\/www.veneciacr.com\/index.php\/wp-json\/wp\/v2\/product\/93462","targetHints":{"allow":["GET"]}}],"collection":[{"href":"https:\/\/www.veneciacr.com\/index.php\/wp-json\/wp\/v2\/product"}],"about":[{"href":"https:\/\/www.veneciacr.com\/index.php\/wp-json\/wp\/v2\/types\/product"}],"replies":[{"embeddable":true,"href":"https:\/\/www.veneciacr.com\/index.php\/wp-json\/wp\/v2\/comments?post=93462"}],"wp:featuredmedia":[{"embeddable":true,"href":"https:\/\/www.veneciacr.com\/index.php\/wp-json\/wp\/v2\/media\/93463"}],"wp:attachment":[{"href":"https:\/\/www.veneciacr.com\/index.php\/wp-json\/wp\/v2\/media?parent=93462"}],"wp:term":[{"taxonomy":"product_brand","embeddable":true,"href":"https:\/\/www.veneciacr.com\/index.php\/wp-json\/wp\/v2\/product_brand?post=93462"},{"taxonomy":"product_cat","embeddable":true,"href":"https:\/\/www.veneciacr.com\/index.php\/wp-json\/wp\/v2\/product_cat?post=93462"},{"taxonomy":"product_tag","embeddable":true,"href":"https:\/\/www.veneciacr.com\/index.php\/wp-json\/wp\/v2\/product_tag?post=93462"}],"curies":[{"name":"wp","href":"https:\/\/api.w.org\/{rel}","templated":true}]}}