{"id":93349,"date":"2026-04-21T02:22:05","date_gmt":"2026-04-21T08:22:05","guid":{"rendered":"https:\/\/www.veneciacr.com\/index.php\/producto\/romana-resorte-100-kg-bas-100p-pretul\/"},"modified":"2026-04-21T02:22:07","modified_gmt":"2026-04-21T08:22:07","slug":"romana-resorte-100-kg-bas-100p-pretul","status":"publish","type":"product","link":"https:\/\/www.veneciacr.com\/index.php\/producto\/romana-resorte-100-kg-bas-100p-pretul\/","title":{"rendered":"ROMANA RESORTE 100 KG BAS-100P PRETUL"},"content":{"rendered":"<p>Ganchos, cuerpos y resortes de acero<br \/>\nCubiertas de aluminio<br \/>\nDinam\u00f3metros mec\u00e1nicos<br \/>\nMedici\u00f3n en kg y lb<br \/>\nMecanismo de un resorte (excepto BAS-100P doble resorte)<\/p>\n<p>21255 BAS-100P 100 kg 1 kg 10 kg 34 cm<\/p>\n","protected":false},"excerpt":{"rendered":"<p>Ganchos, cuerpos y resortes de acero Cubiertas de aluminio Dinam\u00f3metros mec\u00e1nicos Medici\u00f3n en kg y lb Mecanismo de un resorte<\/p>\n","protected":false},"featured_media":93350,"comment_status":"closed","ping_status":"open","template":"","meta":[],"product_brand":[],"product_cat":[15],"product_tag":[],"class_list":{"0":"post-93349","1":"product","2":"type-product","3":"status-publish","4":"has-post-thumbnail","6":"product_cat-uncategorized","8":"first","9":"instock","10":"purchasable","11":"product-type-simple"},"jetpack_sharing_enabled":true,"_links":{"self":[{"href":"https:\/\/www.veneciacr.com\/index.php\/wp-json\/wp\/v2\/product\/93349","targetHints":{"allow":["GET"]}}],"collection":[{"href":"https:\/\/www.veneciacr.com\/index.php\/wp-json\/wp\/v2\/product"}],"about":[{"href":"https:\/\/www.veneciacr.com\/index.php\/wp-json\/wp\/v2\/types\/product"}],"replies":[{"embeddable":true,"href":"https:\/\/www.veneciacr.com\/index.php\/wp-json\/wp\/v2\/comments?post=93349"}],"wp:featuredmedia":[{"embeddable":true,"href":"https:\/\/www.veneciacr.com\/index.php\/wp-json\/wp\/v2\/media\/93350"}],"wp:attachment":[{"href":"https:\/\/www.veneciacr.com\/index.php\/wp-json\/wp\/v2\/media?parent=93349"}],"wp:term":[{"taxonomy":"product_brand","embeddable":true,"href":"https:\/\/www.veneciacr.com\/index.php\/wp-json\/wp\/v2\/product_brand?post=93349"},{"taxonomy":"product_cat","embeddable":true,"href":"https:\/\/www.veneciacr.com\/index.php\/wp-json\/wp\/v2\/product_cat?post=93349"},{"taxonomy":"product_tag","embeddable":true,"href":"https:\/\/www.veneciacr.com\/index.php\/wp-json\/wp\/v2\/product_tag?post=93349"}],"curies":[{"name":"wp","href":"https:\/\/api.w.org\/{rel}","templated":true}]}}