{"id":93331,"date":"2026-04-21T02:22:08","date_gmt":"2026-04-21T08:22:08","guid":{"rendered":"https:\/\/www.veneciacr.com\/index.php\/producto\/brocha-1-plastica-brt-1x-truper\/"},"modified":"2026-04-21T02:22:09","modified_gmt":"2026-04-21T08:22:09","slug":"brocha-1-plastico-brt-1x-truper","status":"publish","type":"product","link":"https:\/\/www.veneciacr.com\/index.php\/producto\/brocha-1-plastico-brt-1x-truper\/","title":{"rendered":"BROCHA 1&#8243; PLASTICO BRT-1X TRUPER"},"content":{"rendered":"<p>Cerdas finas 80% sint\u00e9ticas y 20% naturales para mayor retenci\u00f3n de pintura y acabado uniforme<\/p>\n<p>Cerdas adheridas con resina ep\u00f3xica al casquillo para evitar el desprendimiento<\/p>\n<p>Mango ligero de polipropileno para un trabajo m\u00e1s c\u00f3modo<\/p>\n<p>Ideal para aplicar resina, pegamento, acetona, pintura y solventes<\/p>\n","protected":false},"excerpt":{"rendered":"<p>Cerdas finas 80% sint\u00e9ticas y 20% naturales para mayor retenci\u00f3n de pintura y acabado uniforme Cerdas adheridas con resina ep\u00f3xica<\/p>\n","protected":false},"featured_media":93332,"comment_status":"closed","ping_status":"open","template":"","meta":[],"product_brand":[],"product_cat":[15],"product_tag":[],"class_list":{"0":"post-93331","1":"product","2":"type-product","3":"status-publish","4":"has-post-thumbnail","6":"product_cat-uncategorized","8":"first","9":"outofstock","10":"purchasable","11":"product-type-simple"},"jetpack_sharing_enabled":true,"_links":{"self":[{"href":"https:\/\/www.veneciacr.com\/index.php\/wp-json\/wp\/v2\/product\/93331","targetHints":{"allow":["GET"]}}],"collection":[{"href":"https:\/\/www.veneciacr.com\/index.php\/wp-json\/wp\/v2\/product"}],"about":[{"href":"https:\/\/www.veneciacr.com\/index.php\/wp-json\/wp\/v2\/types\/product"}],"replies":[{"embeddable":true,"href":"https:\/\/www.veneciacr.com\/index.php\/wp-json\/wp\/v2\/comments?post=93331"}],"wp:featuredmedia":[{"embeddable":true,"href":"https:\/\/www.veneciacr.com\/index.php\/wp-json\/wp\/v2\/media\/93332"}],"wp:attachment":[{"href":"https:\/\/www.veneciacr.com\/index.php\/wp-json\/wp\/v2\/media?parent=93331"}],"wp:term":[{"taxonomy":"product_brand","embeddable":true,"href":"https:\/\/www.veneciacr.com\/index.php\/wp-json\/wp\/v2\/product_brand?post=93331"},{"taxonomy":"product_cat","embeddable":true,"href":"https:\/\/www.veneciacr.com\/index.php\/wp-json\/wp\/v2\/product_cat?post=93331"},{"taxonomy":"product_tag","embeddable":true,"href":"https:\/\/www.veneciacr.com\/index.php\/wp-json\/wp\/v2\/product_tag?post=93331"}],"curies":[{"name":"wp","href":"https:\/\/api.w.org\/{rel}","templated":true}]}}