{"id":93319,"date":"2026-04-21T02:22:11","date_gmt":"2026-04-21T08:22:11","guid":{"rendered":"https:\/\/www.veneciacr.com\/index.php\/producto\/orilladora-20v-sin-baterias-tgtli20328-total\/"},"modified":"2026-04-21T02:22:14","modified_gmt":"2026-04-21T08:22:14","slug":"orilladora-inalambrico-20v-sin-bateria-tgtli20328-total","status":"publish","type":"product","link":"https:\/\/www.veneciacr.com\/index.php\/producto\/orilladora-inalambrico-20v-sin-bateria-tgtli20328-total\/","title":{"rendered":"ORILLADORA INALAMBRICO 20V SIN BATERIA TGTLI20328 TOTAL"},"content":{"rendered":"<p>ORILLADORA INAL 20V S\/B TGTLI20328 TOTAL<\/p>\n<p class=\"p1\"><strong>TGTLI20328<\/strong><\/p>\n<p>-Di\u00e1metro de corte: 300mm<\/p>\n<p>-Di\u00e1metro de la l\u00ednea: 1.6mm retorcido<\/p>\n<p>-Velocidad: sin carga: 8200\/min<\/p>\n<p>-Longitud: de la l\u00ednea: 5m<\/p>\n<p>\u2013<strong>Bater\u00eda y cargador vienen por separado<\/strong><\/p>\n","protected":false},"excerpt":{"rendered":"<p>ORILLADORA INAL 20V S\/B TGTLI20328 TOTAL TGTLI20328 -Di\u00e1metro de corte: 300mm -Di\u00e1metro de la l\u00ednea: 1.6mm retorcido -Velocidad: sin carga:<\/p>\n","protected":false},"featured_media":93320,"comment_status":"closed","ping_status":"open","template":"","meta":[],"product_brand":[],"product_cat":[15],"product_tag":[],"class_list":{"0":"post-93319","1":"product","2":"type-product","3":"status-publish","4":"has-post-thumbnail","6":"product_cat-uncategorized","8":"first","9":"instock","10":"purchasable","11":"product-type-simple"},"jetpack_sharing_enabled":true,"_links":{"self":[{"href":"https:\/\/www.veneciacr.com\/index.php\/wp-json\/wp\/v2\/product\/93319","targetHints":{"allow":["GET"]}}],"collection":[{"href":"https:\/\/www.veneciacr.com\/index.php\/wp-json\/wp\/v2\/product"}],"about":[{"href":"https:\/\/www.veneciacr.com\/index.php\/wp-json\/wp\/v2\/types\/product"}],"replies":[{"embeddable":true,"href":"https:\/\/www.veneciacr.com\/index.php\/wp-json\/wp\/v2\/comments?post=93319"}],"wp:featuredmedia":[{"embeddable":true,"href":"https:\/\/www.veneciacr.com\/index.php\/wp-json\/wp\/v2\/media\/93320"}],"wp:attachment":[{"href":"https:\/\/www.veneciacr.com\/index.php\/wp-json\/wp\/v2\/media?parent=93319"}],"wp:term":[{"taxonomy":"product_brand","embeddable":true,"href":"https:\/\/www.veneciacr.com\/index.php\/wp-json\/wp\/v2\/product_brand?post=93319"},{"taxonomy":"product_cat","embeddable":true,"href":"https:\/\/www.veneciacr.com\/index.php\/wp-json\/wp\/v2\/product_cat?post=93319"},{"taxonomy":"product_tag","embeddable":true,"href":"https:\/\/www.veneciacr.com\/index.php\/wp-json\/wp\/v2\/product_tag?post=93319"}],"curies":[{"name":"wp","href":"https:\/\/api.w.org\/{rel}","templated":true}]}}