{"id":93281,"date":"2026-04-23T02:07:38","date_gmt":"2026-04-23T08:07:38","guid":{"rendered":"https:\/\/www.veneciacr.com\/index.php\/producto\/valvula-tanque-inodoro-con-boya-vw-005-foset\/"},"modified":"2026-04-23T02:07:39","modified_gmt":"2026-04-23T08:07:39","slug":"valvula-tanque-inodoro-con-boya-vw-005-foset","status":"publish","type":"product","link":"https:\/\/www.veneciacr.com\/index.php\/producto\/valvula-tanque-inodoro-con-boya-vw-005-foset\/","title":{"rendered":"VALVULA TANQUE INODORO CON BOYA VW-005 FOSET"},"content":{"rendered":"<p>Cuerpo y flotador de polietileno<\/p>\n<p>Empaque de hule<\/p>\n<p>F\u00e1cil instalaci\u00f3n<\/p>\n<p>Compatible con la mayor\u00eda de W.C.<\/p>\n<div class=\"col-6\">\n<div class=\"table-responsive tabla_border\">\n<table class=\"table table-bordered table_info_prod align-middle m-0\">\n<tbody>\n<tr id=\"tabla_especs\">\n<th class=\"tamanio_th_especs\" scope=\"row\">\n<p class=\"margen_tabla_especs\">Resistencia de sellos al cloro<\/p>\n<\/th>\n<td>\n<p class=\"margen_tabla_especs\">Media<\/p>\n<\/td>\n<\/tr>\n<tr id=\"tabla_especs\">\n<th class=\"tamanio_th_especs\" scope=\"row\">\n<p class=\"margen_tabla_especs\">Conexi\u00f3n de entrada<\/p>\n<\/th>\n<td>\n<p class=\"margen_tabla_especs\">7\/8&#8243; (22 mm)<\/p>\n<\/td>\n<\/tr>\n<tr id=\"tabla_especs\">\n<th class=\"tamanio_th_especs\" scope=\"row\">\n<p class=\"margen_tabla_especs\">Empaque individual<\/p>\n<\/th>\n<td>\n<p class=\"margen_tabla_especs\">Bolsa<\/p>\n<\/td>\n<\/tr>\n<tr id=\"tabla_especs\">\n<th class=\"tamanio_th_especs\" scope=\"row\"><\/th>\n<td><\/td>\n<\/tr>\n<\/tbody>\n<\/table>\n<\/div>\n<\/div>\n<div class=\"col-6\">\n<div class=\"table-responsive tabla_border\">\n<table class=\"table table-bordered table_info_prod align-middle m-0\">\n<tbody>\n<tr id=\"tabla_especs\">\n<th class=\"tamanio_th_especs\" scope=\"row\">\n<p class=\"margen_tabla_especs\">Altura<\/p>\n<\/th>\n<td>\n<p class=\"margen_tabla_especs\">260 mm<\/p>\n<\/td>\n<\/tr>\n<tr id=\"tabla_especs\">\n<th class=\"tamanio_th_especs\" scope=\"row\">\n<p class=\"margen_tabla_especs\">M\u00e1xima presi\u00f3n de trabajo<\/p>\n<\/th>\n<td>\n<p class=\"margen_tabla_especs\">7 kgf\/cm\u00b2<\/p>\n<\/td>\n<\/tr>\n<\/tbody>\n<\/table>\n<\/div>\n<\/div>\n","protected":false},"excerpt":{"rendered":"<p>Cuerpo y flotador de polietileno Empaque de hule F\u00e1cil instalaci\u00f3n Compatible con la mayor\u00eda de W.C. Resistencia de sellos al<\/p>\n","protected":false},"featured_media":93282,"comment_status":"closed","ping_status":"open","template":"","meta":[],"product_brand":[],"product_cat":[29],"product_tag":[],"class_list":{"0":"post-93281","1":"product","2":"type-product","3":"status-publish","4":"has-post-thumbnail","6":"product_cat-plomeria","8":"first","9":"instock","10":"purchasable","11":"product-type-simple"},"jetpack_sharing_enabled":true,"_links":{"self":[{"href":"https:\/\/www.veneciacr.com\/index.php\/wp-json\/wp\/v2\/product\/93281","targetHints":{"allow":["GET"]}}],"collection":[{"href":"https:\/\/www.veneciacr.com\/index.php\/wp-json\/wp\/v2\/product"}],"about":[{"href":"https:\/\/www.veneciacr.com\/index.php\/wp-json\/wp\/v2\/types\/product"}],"replies":[{"embeddable":true,"href":"https:\/\/www.veneciacr.com\/index.php\/wp-json\/wp\/v2\/comments?post=93281"}],"wp:featuredmedia":[{"embeddable":true,"href":"https:\/\/www.veneciacr.com\/index.php\/wp-json\/wp\/v2\/media\/93282"}],"wp:attachment":[{"href":"https:\/\/www.veneciacr.com\/index.php\/wp-json\/wp\/v2\/media?parent=93281"}],"wp:term":[{"taxonomy":"product_brand","embeddable":true,"href":"https:\/\/www.veneciacr.com\/index.php\/wp-json\/wp\/v2\/product_brand?post=93281"},{"taxonomy":"product_cat","embeddable":true,"href":"https:\/\/www.veneciacr.com\/index.php\/wp-json\/wp\/v2\/product_cat?post=93281"},{"taxonomy":"product_tag","embeddable":true,"href":"https:\/\/www.veneciacr.com\/index.php\/wp-json\/wp\/v2\/product_tag?post=93281"}],"curies":[{"name":"wp","href":"https:\/\/api.w.org\/{rel}","templated":true}]}}