{"id":93275,"date":"2026-04-22T01:51:40","date_gmt":"2026-04-22T07:51:40","guid":{"rendered":"https:\/\/www.veneciacr.com\/index.php\/producto\/bandeja-gypsum-12-galvanizada-char-12-truper\/"},"modified":"2026-04-22T01:51:40","modified_gmt":"2026-04-22T07:51:40","slug":"bandeja-gypsum-12-galvanizada-char-12-truper","status":"publish","type":"product","link":"https:\/\/www.veneciacr.com\/index.php\/producto\/bandeja-gypsum-12-galvanizada-char-12-truper\/","title":{"rendered":"BANDEJA GYPSUM 12&#8243; GALVANIZADA CHAR-12 TRUPER"},"content":{"rendered":"<p>Fabricada en acero inoxidable que prolonga la vida \u00fatil<\/p>\n<p>Dise\u00f1o c\u00f3nico que facilita el agarre<\/p>\n<p>Resistente a la corrosi\u00f3n<\/p>\n<p>Borde recto para f\u00e1cil limpieza de esp\u00e1tulas<\/p>\n<p>Para mezclar cualquier tipo de material, para resanar o pegar alg\u00fan muro como cemento, mortero, yeso<\/p>\n<div class=\"col-6\">\n<div class=\"table-responsive tabla_border\">\n<table class=\"table table-bordered table_info_prod align-middle m-0\">\n<tbody>\n<tr id=\"tabla_especs\">\n<th class=\"tamanio_th_especs\" scope=\"row\">\n<p class=\"margen_tabla_especs\">Empaque individual<\/p>\n<\/th>\n<td>\n<p class=\"margen_tabla_especs\">Etiqueta<\/p>\n<\/td>\n<\/tr>\n<tr id=\"tabla_especs\">\n<th class=\"tamanio_th_especs\" scope=\"row\">\n<p class=\"margen_tabla_especs\">Base x Alto<\/p>\n<\/th>\n<td>\n<p class=\"margen_tabla_especs\">32 x 7 cm<\/p>\n<\/td>\n<\/tr>\n<tr id=\"tabla_especs\">\n<th class=\"tamanio_th_especs\" scope=\"row\"><\/th>\n<td><\/td>\n<\/tr>\n<\/tbody>\n<\/table>\n<\/div>\n<\/div>\n<div class=\"col-6\">\n<div class=\"table-responsive tabla_border\">\n<table class=\"table table-bordered table_info_prod align-middle m-0\">\n<tbody>\n<tr id=\"tabla_especs\">\n<th class=\"tamanio_th_especs\" scope=\"row\">\n<p class=\"margen_tabla_especs\">Ancho x Largo<\/p>\n<\/th>\n<td>\n<p class=\"margen_tabla_especs\">12 x 36 cm<\/p>\n<\/td>\n<\/tr>\n<\/tbody>\n<\/table>\n<\/div>\n<\/div>\n","protected":false},"excerpt":{"rendered":"<p>Fabricada en acero inoxidable que prolonga la vida \u00fatil Dise\u00f1o c\u00f3nico que facilita el agarre Resistente a la corrosi\u00f3n Borde<\/p>\n","protected":false},"featured_media":93276,"comment_status":"closed","ping_status":"open","template":"","meta":[],"product_brand":[],"product_cat":[15],"product_tag":[],"class_list":{"0":"post-93275","1":"product","2":"type-product","3":"status-publish","4":"has-post-thumbnail","6":"product_cat-uncategorized","8":"first","9":"instock","10":"purchasable","11":"product-type-simple"},"jetpack_sharing_enabled":true,"_links":{"self":[{"href":"https:\/\/www.veneciacr.com\/index.php\/wp-json\/wp\/v2\/product\/93275","targetHints":{"allow":["GET"]}}],"collection":[{"href":"https:\/\/www.veneciacr.com\/index.php\/wp-json\/wp\/v2\/product"}],"about":[{"href":"https:\/\/www.veneciacr.com\/index.php\/wp-json\/wp\/v2\/types\/product"}],"replies":[{"embeddable":true,"href":"https:\/\/www.veneciacr.com\/index.php\/wp-json\/wp\/v2\/comments?post=93275"}],"wp:featuredmedia":[{"embeddable":true,"href":"https:\/\/www.veneciacr.com\/index.php\/wp-json\/wp\/v2\/media\/93276"}],"wp:attachment":[{"href":"https:\/\/www.veneciacr.com\/index.php\/wp-json\/wp\/v2\/media?parent=93275"}],"wp:term":[{"taxonomy":"product_brand","embeddable":true,"href":"https:\/\/www.veneciacr.com\/index.php\/wp-json\/wp\/v2\/product_brand?post=93275"},{"taxonomy":"product_cat","embeddable":true,"href":"https:\/\/www.veneciacr.com\/index.php\/wp-json\/wp\/v2\/product_cat?post=93275"},{"taxonomy":"product_tag","embeddable":true,"href":"https:\/\/www.veneciacr.com\/index.php\/wp-json\/wp\/v2\/product_tag?post=93275"}],"curies":[{"name":"wp","href":"https:\/\/api.w.org\/{rel}","templated":true}]}}