{"id":93199,"date":"2026-04-21T02:22:46","date_gmt":"2026-04-21T08:22:46","guid":{"rendered":"https:\/\/www.veneciacr.com\/index.php\/producto\/borner-con-clip-teba-4-truper\/"},"modified":"2026-04-21T02:22:47","modified_gmt":"2026-04-21T08:22:47","slug":"borner-con-clip-teba-4-truper","status":"publish","type":"product","link":"https:\/\/www.veneciacr.com\/index.php\/producto\/borner-con-clip-teba-4-truper\/","title":{"rendered":"BORNER CON CLIP TEBA-4 TRUPER"},"content":{"rendered":"<p>Cuerpo de lat\u00f3n, brazo y perilla de aluminio, resistentes a la corrosi\u00f3n<\/p>\n<p>Fuerte conductividad<\/p>\n<p>4 Puertos para conectar m\u00faltiples cables<\/p>\n<p>Se adaptan al poste positivo y negativo<\/p>\n<p>Ideal para usar con cable calibre 6 a 1 AWG<\/p>\n<div class=\"col-6\">\n<div class=\"table-responsive tabla_border\">\n<table class=\"table table-bordered table_info_prod align-middle m-0\">\n<tbody>\n<tr id=\"tabla_especs\">\n<th class=\"tamanio_th_especs\" scope=\"row\">\n<p class=\"margen_tabla_especs\">Di\u00e1metro m\u00e1ximo<\/p>\n<\/th>\n<td>\n<p class=\"margen_tabla_especs\">17\u00a0mm<\/p>\n<\/td>\n<\/tr>\n<tr id=\"tabla_especs\">\n<th class=\"tamanio_th_especs\" scope=\"row\">\n<p class=\"margen_tabla_especs\">Empaque individual<\/p>\n<\/th>\n<td>\n<p class=\"margen_tabla_especs\">2 x Bl\u00edster<\/p>\n<\/td>\n<\/tr>\n<tr id=\"tabla_especs\">\n<th class=\"tamanio_th_especs\" scope=\"row\"><\/th>\n<td><\/td>\n<\/tr>\n<\/tbody>\n<\/table>\n<\/div>\n<\/div>\n<div class=\"col-6\">\n<div class=\"table-responsive tabla_border\">\n<table class=\"table table-bordered table_info_prod align-middle m-0\">\n<tbody>\n<tr id=\"tabla_especs\">\n<th class=\"tamanio_th_especs\" scope=\"row\">\n<p class=\"margen_tabla_especs\">Largo<\/p>\n<\/th>\n<td>\n<p class=\"margen_tabla_especs\">49.5 mm<\/p>\n<\/td>\n<\/tr>\n<\/tbody>\n<\/table>\n<\/div>\n<\/div>\n","protected":false},"excerpt":{"rendered":"<p>Cuerpo de lat\u00f3n, brazo y perilla de aluminio, resistentes a la corrosi\u00f3n Fuerte conductividad 4 Puertos para conectar m\u00faltiples cables<\/p>\n","protected":false},"featured_media":93200,"comment_status":"closed","ping_status":"open","template":"","meta":[],"product_brand":[],"product_cat":[15],"product_tag":[],"class_list":{"0":"post-93199","1":"product","2":"type-product","3":"status-publish","4":"has-post-thumbnail","6":"product_cat-uncategorized","8":"first","9":"instock","10":"purchasable","11":"product-type-simple"},"jetpack_sharing_enabled":true,"_links":{"self":[{"href":"https:\/\/www.veneciacr.com\/index.php\/wp-json\/wp\/v2\/product\/93199","targetHints":{"allow":["GET"]}}],"collection":[{"href":"https:\/\/www.veneciacr.com\/index.php\/wp-json\/wp\/v2\/product"}],"about":[{"href":"https:\/\/www.veneciacr.com\/index.php\/wp-json\/wp\/v2\/types\/product"}],"replies":[{"embeddable":true,"href":"https:\/\/www.veneciacr.com\/index.php\/wp-json\/wp\/v2\/comments?post=93199"}],"wp:featuredmedia":[{"embeddable":true,"href":"https:\/\/www.veneciacr.com\/index.php\/wp-json\/wp\/v2\/media\/93200"}],"wp:attachment":[{"href":"https:\/\/www.veneciacr.com\/index.php\/wp-json\/wp\/v2\/media?parent=93199"}],"wp:term":[{"taxonomy":"product_brand","embeddable":true,"href":"https:\/\/www.veneciacr.com\/index.php\/wp-json\/wp\/v2\/product_brand?post=93199"},{"taxonomy":"product_cat","embeddable":true,"href":"https:\/\/www.veneciacr.com\/index.php\/wp-json\/wp\/v2\/product_cat?post=93199"},{"taxonomy":"product_tag","embeddable":true,"href":"https:\/\/www.veneciacr.com\/index.php\/wp-json\/wp\/v2\/product_tag?post=93199"}],"curies":[{"name":"wp","href":"https:\/\/api.w.org\/{rel}","templated":true}]}}