{"id":93195,"date":"2026-04-30T01:55:30","date_gmt":"2026-04-30T07:55:30","guid":{"rendered":"https:\/\/www.veneciacr.com\/index.php\/producto\/manija-inodoro-metal-recto-pw-019-foset\/"},"modified":"2026-04-30T01:55:31","modified_gmt":"2026-04-30T07:55:31","slug":"manija-inodoro-metal-recto-pw-019-foset","status":"publish","type":"product","link":"https:\/\/www.veneciacr.com\/index.php\/producto\/manija-inodoro-metal-recto-pw-019-foset\/","title":{"rendered":"MANIJA INODORO METAL RECTO PW-019 FOSET"},"content":{"rendered":"<p>Manivela met\u00e1lica con acabado cromo<\/p>\n<p>Varilla de acero galvanizado<\/p>\n<p>Tuerca izquierda de sujeci\u00f3n<\/p>\n<p>Compatible con la mayor\u00eda de W.C<\/p>\n<p>F\u00e1cil de instalar<\/p>\n","protected":false},"excerpt":{"rendered":"<p>Manivela met\u00e1lica con acabado cromo Varilla de acero galvanizado Tuerca izquierda de sujeci\u00f3n Compatible con la mayor\u00eda de W.C F\u00e1cil<\/p>\n","protected":false},"featured_media":93196,"comment_status":"closed","ping_status":"open","template":"","meta":[],"product_brand":[],"product_cat":[29],"product_tag":[],"class_list":{"0":"post-93195","1":"product","2":"type-product","3":"status-publish","4":"has-post-thumbnail","6":"product_cat-plomeria","8":"first","9":"instock","10":"purchasable","11":"product-type-simple"},"jetpack_sharing_enabled":true,"_links":{"self":[{"href":"https:\/\/www.veneciacr.com\/index.php\/wp-json\/wp\/v2\/product\/93195","targetHints":{"allow":["GET"]}}],"collection":[{"href":"https:\/\/www.veneciacr.com\/index.php\/wp-json\/wp\/v2\/product"}],"about":[{"href":"https:\/\/www.veneciacr.com\/index.php\/wp-json\/wp\/v2\/types\/product"}],"replies":[{"embeddable":true,"href":"https:\/\/www.veneciacr.com\/index.php\/wp-json\/wp\/v2\/comments?post=93195"}],"wp:featuredmedia":[{"embeddable":true,"href":"https:\/\/www.veneciacr.com\/index.php\/wp-json\/wp\/v2\/media\/93196"}],"wp:attachment":[{"href":"https:\/\/www.veneciacr.com\/index.php\/wp-json\/wp\/v2\/media?parent=93195"}],"wp:term":[{"taxonomy":"product_brand","embeddable":true,"href":"https:\/\/www.veneciacr.com\/index.php\/wp-json\/wp\/v2\/product_brand?post=93195"},{"taxonomy":"product_cat","embeddable":true,"href":"https:\/\/www.veneciacr.com\/index.php\/wp-json\/wp\/v2\/product_cat?post=93195"},{"taxonomy":"product_tag","embeddable":true,"href":"https:\/\/www.veneciacr.com\/index.php\/wp-json\/wp\/v2\/product_tag?post=93195"}],"curies":[{"name":"wp","href":"https:\/\/api.w.org\/{rel}","templated":true}]}}