{"id":93054,"date":"2026-04-30T01:55:52","date_gmt":"2026-04-30T07:55:52","guid":{"rendered":"https:\/\/www.veneciacr.com\/index.php\/producto\/cinta-empaque-trans-2-x-150m-ctr-150-truper\/"},"modified":"2026-04-30T01:55:53","modified_gmt":"2026-04-30T07:55:53","slug":"cinta-empaque-trans-2-x-150m-ctr-150-truper","status":"publish","type":"product","link":"https:\/\/www.veneciacr.com\/index.php\/producto\/cinta-empaque-trans-2-x-150m-ctr-150-truper\/","title":{"rendered":"CINTA EMPAQUE TRANS 2&#8243; X 150M CTR-150 TRUPER"},"content":{"rendered":"<p>Fabricada con pel\u00edcula de polipropileno<br \/>\nAdhesivo acr\u00edlico base agua, de adherencia media que conserva sus propiedades por largos per\u00edodos<br \/>\nUso general<\/p>\n<p>ESPECIFICACIONES<\/p>\n<p>Color: Transparente<br \/>\nLongitud: 150 m<br \/>\nAncho: 48 mm<br \/>\nEspesor: 0.050 mm<br \/>\nEmpaque individual: Granel<\/p>\n","protected":false},"excerpt":{"rendered":"<p>Fabricada con pel\u00edcula de polipropileno Adhesivo acr\u00edlico base agua, de adherencia media que conserva sus propiedades por largos per\u00edodos Uso<\/p>\n","protected":false},"featured_media":93055,"comment_status":"closed","ping_status":"open","template":"","meta":[],"product_brand":[],"product_cat":[15],"product_tag":[],"class_list":{"0":"post-93054","1":"product","2":"type-product","3":"status-publish","4":"has-post-thumbnail","6":"product_cat-uncategorized","8":"first","9":"instock","10":"purchasable","11":"product-type-simple"},"jetpack_sharing_enabled":true,"_links":{"self":[{"href":"https:\/\/www.veneciacr.com\/index.php\/wp-json\/wp\/v2\/product\/93054","targetHints":{"allow":["GET"]}}],"collection":[{"href":"https:\/\/www.veneciacr.com\/index.php\/wp-json\/wp\/v2\/product"}],"about":[{"href":"https:\/\/www.veneciacr.com\/index.php\/wp-json\/wp\/v2\/types\/product"}],"replies":[{"embeddable":true,"href":"https:\/\/www.veneciacr.com\/index.php\/wp-json\/wp\/v2\/comments?post=93054"}],"wp:featuredmedia":[{"embeddable":true,"href":"https:\/\/www.veneciacr.com\/index.php\/wp-json\/wp\/v2\/media\/93055"}],"wp:attachment":[{"href":"https:\/\/www.veneciacr.com\/index.php\/wp-json\/wp\/v2\/media?parent=93054"}],"wp:term":[{"taxonomy":"product_brand","embeddable":true,"href":"https:\/\/www.veneciacr.com\/index.php\/wp-json\/wp\/v2\/product_brand?post=93054"},{"taxonomy":"product_cat","embeddable":true,"href":"https:\/\/www.veneciacr.com\/index.php\/wp-json\/wp\/v2\/product_cat?post=93054"},{"taxonomy":"product_tag","embeddable":true,"href":"https:\/\/www.veneciacr.com\/index.php\/wp-json\/wp\/v2\/product_tag?post=93054"}],"curies":[{"name":"wp","href":"https:\/\/api.w.org\/{rel}","templated":true}]}}