{"id":92895,"date":"2026-04-21T02:23:30","date_gmt":"2026-04-21T08:23:30","guid":{"rendered":"https:\/\/www.veneciacr.com\/index.php\/producto\/cesta-ropa-linum-taupe-11784-rimax\/"},"modified":"2026-04-21T02:23:32","modified_gmt":"2026-04-21T08:23:32","slug":"cesta-ropa-linum-taupe-11784-rimax","status":"publish","type":"product","link":"https:\/\/www.veneciacr.com\/index.php\/producto\/cesta-ropa-linum-taupe-11784-rimax\/","title":{"rendered":"CESTA ROPA LINUM TAUPE 11784 RIMAX"},"content":{"rendered":"<p>Cesta para Ropa Linum con tejido imitaci\u00f3n lino y textura mate. Tapa con espacio para organizar accesorios o prendas peque\u00f1as. Manijas ergon\u00f3micas y capacidad de 51 litros. Los colores de vanguardia que van con el estilo de tu hogar.<\/p>\n<p>Beneficios<\/p>\n<p>Tapa para organizar accesorios y prendas<\/p>\n<p>Moderno tejido que proporciona ventilaci\u00f3n a la ropa.<\/p>\n<p>Capacidad 50L<\/p>\n<p>Dos manijas ergon\u00f3micas<\/p>\n<div class=\"item\">\n<div class=\"icon\"><img data-recalc-dims=\"1\" decoding=\"async\" src=\"https:\/\/i0.wp.com\/rimax.vtexassets.com\/assets\/vtex.file-manager-graphql\/images\/20a8ef09-4628-4f33-b089-c729712ac9d8___39f2ce4cc1b8a1a426714546da17640a.png?ssl=1\" \/><\/div>\n<div class=\"label\">Profundidad:<\/div>\n<div class=\"value\">46.2 cm<\/div>\n<\/div>\n<div class=\"item\">\n<div class=\"icon\"><img data-recalc-dims=\"1\" decoding=\"async\" src=\"https:\/\/i0.wp.com\/rimax.vtexassets.com\/assets\/vtex.file-manager-graphql\/images\/89140313-ba0e-4899-b87f-10c61acbb93b___a4ada81defda5ae003a1735777f25827.png?ssl=1\" \/><\/div>\n<div class=\"label\">Ancho:<\/div>\n<div class=\"value\">35.5 cm<\/div>\n<\/div>\n<div class=\"item\">\n<div class=\"icon\"><img data-recalc-dims=\"1\" decoding=\"async\" src=\"https:\/\/i0.wp.com\/rimax.vtexassets.com\/assets\/vtex.file-manager-graphql\/images\/95e69b5c-83a9-41cc-881b-57aab4313841___93373653fbc377fc8d2bec409e472a8e.png?ssl=1\" \/><\/div>\n<div class=\"label\">Altura:<\/div>\n<div class=\"value\">60.5 cm<\/div>\n<\/div>\n","protected":false},"excerpt":{"rendered":"<p>Cesta para Ropa Linum con tejido imitaci\u00f3n lino y textura mate. Tapa con espacio para organizar accesorios o prendas peque\u00f1as.<\/p>\n","protected":false},"featured_media":92896,"comment_status":"closed","ping_status":"open","template":"","meta":[],"product_brand":[],"product_cat":[131],"product_tag":[],"class_list":{"0":"post-92895","1":"product","2":"type-product","3":"status-publish","4":"has-post-thumbnail","6":"product_cat-hogar","8":"first","9":"instock","10":"purchasable","11":"product-type-simple"},"jetpack_sharing_enabled":true,"_links":{"self":[{"href":"https:\/\/www.veneciacr.com\/index.php\/wp-json\/wp\/v2\/product\/92895","targetHints":{"allow":["GET"]}}],"collection":[{"href":"https:\/\/www.veneciacr.com\/index.php\/wp-json\/wp\/v2\/product"}],"about":[{"href":"https:\/\/www.veneciacr.com\/index.php\/wp-json\/wp\/v2\/types\/product"}],"replies":[{"embeddable":true,"href":"https:\/\/www.veneciacr.com\/index.php\/wp-json\/wp\/v2\/comments?post=92895"}],"wp:featuredmedia":[{"embeddable":true,"href":"https:\/\/www.veneciacr.com\/index.php\/wp-json\/wp\/v2\/media\/92896"}],"wp:attachment":[{"href":"https:\/\/www.veneciacr.com\/index.php\/wp-json\/wp\/v2\/media?parent=92895"}],"wp:term":[{"taxonomy":"product_brand","embeddable":true,"href":"https:\/\/www.veneciacr.com\/index.php\/wp-json\/wp\/v2\/product_brand?post=92895"},{"taxonomy":"product_cat","embeddable":true,"href":"https:\/\/www.veneciacr.com\/index.php\/wp-json\/wp\/v2\/product_cat?post=92895"},{"taxonomy":"product_tag","embeddable":true,"href":"https:\/\/www.veneciacr.com\/index.php\/wp-json\/wp\/v2\/product_tag?post=92895"}],"curies":[{"name":"wp","href":"https:\/\/api.w.org\/{rel}","templated":true}]}}