{"id":92887,"date":"2026-04-21T02:23:33","date_gmt":"2026-04-21T08:23:33","guid":{"rendered":"https:\/\/www.veneciacr.com\/index.php\/producto\/extractor-bano-aire-8-28w-exa-8b-truper\/"},"modified":"2026-04-21T02:23:34","modified_gmt":"2026-04-21T08:23:34","slug":"extractor-bano-aire-8-28w-exa-8b-truper","status":"publish","type":"product","link":"https:\/\/www.veneciacr.com\/index.php\/producto\/extractor-bano-aire-8-28w-exa-8b-truper\/","title":{"rendered":"EXTRACTOR BANO AIRE 8&#8243; 28W EXA-8B TRUPER"},"content":{"rendered":"<p>Cuerpo de ABS<br \/>\nIndicador de encendido<br \/>\nPara ba\u00f1o y cocina<br \/>\nElimina humedad, olores y humo<br \/>\nUso dom\u00e9stico<\/p>\n<p>Especificaciones<br \/>\nGenerales<br \/>\nTensi\u00f3n \/ Frecuencia 127 V \/ 60 Hz<br \/>\nEmpaque individual Caja<\/p>\n<p>46099 EXA-8B 8&#8243; (20 cm) 28 W 20 m\u00b2 432 m\u00b3\/h 70 dB 26 cm x 26 cm 12 cm 19.5 cm<\/p>\n","protected":false},"excerpt":{"rendered":"<p>Cuerpo de ABS Indicador de encendido Para ba\u00f1o y cocina Elimina humedad, olores y humo Uso dom\u00e9stico Especificaciones Generales Tensi\u00f3n<\/p>\n","protected":false},"featured_media":92888,"comment_status":"closed","ping_status":"open","template":"","meta":[],"product_brand":[],"product_cat":[15],"product_tag":[],"class_list":{"0":"post-92887","1":"product","2":"type-product","3":"status-publish","4":"has-post-thumbnail","6":"product_cat-uncategorized","8":"first","9":"instock","10":"purchasable","11":"product-type-simple"},"jetpack_sharing_enabled":true,"_links":{"self":[{"href":"https:\/\/www.veneciacr.com\/index.php\/wp-json\/wp\/v2\/product\/92887","targetHints":{"allow":["GET"]}}],"collection":[{"href":"https:\/\/www.veneciacr.com\/index.php\/wp-json\/wp\/v2\/product"}],"about":[{"href":"https:\/\/www.veneciacr.com\/index.php\/wp-json\/wp\/v2\/types\/product"}],"replies":[{"embeddable":true,"href":"https:\/\/www.veneciacr.com\/index.php\/wp-json\/wp\/v2\/comments?post=92887"}],"wp:featuredmedia":[{"embeddable":true,"href":"https:\/\/www.veneciacr.com\/index.php\/wp-json\/wp\/v2\/media\/92888"}],"wp:attachment":[{"href":"https:\/\/www.veneciacr.com\/index.php\/wp-json\/wp\/v2\/media?parent=92887"}],"wp:term":[{"taxonomy":"product_brand","embeddable":true,"href":"https:\/\/www.veneciacr.com\/index.php\/wp-json\/wp\/v2\/product_brand?post=92887"},{"taxonomy":"product_cat","embeddable":true,"href":"https:\/\/www.veneciacr.com\/index.php\/wp-json\/wp\/v2\/product_cat?post=92887"},{"taxonomy":"product_tag","embeddable":true,"href":"https:\/\/www.veneciacr.com\/index.php\/wp-json\/wp\/v2\/product_tag?post=92887"}],"curies":[{"name":"wp","href":"https:\/\/api.w.org\/{rel}","templated":true}]}}