{"id":92869,"date":"2026-04-21T02:23:36","date_gmt":"2026-04-21T08:23:36","guid":{"rendered":"https:\/\/www.veneciacr.com\/index.php\/producto\/limpiador-madera-rojo-480ml-amu-48-klintek\/"},"modified":"2026-04-21T02:23:37","modified_gmt":"2026-04-21T08:23:37","slug":"limpiador-madera-rojo-480ml-amu-48-klintek","status":"publish","type":"product","link":"https:\/\/www.veneciacr.com\/index.php\/producto\/limpiador-madera-rojo-480ml-amu-48-klintek\/","title":{"rendered":"LIMPIADOR MADERA ROJO 480ML AMU-48 KLINTEK"},"content":{"rendered":"<p>Ficha familia<br \/>\nPara muebles, pisos de madera y vinil<br \/>\nNutre, protege y da brillo a la madera seca o maltratada<br \/>\nElimina polvo y manchas<br \/>\nF\u00f3rmula antiest\u00e1tica que retrasa la aparici\u00f3n de polvo por m\u00e1s tiempo<br \/>\n0001<br \/>\n57070-01<\/p>\n<p>Especificaciones<br \/>\nGenerales<br \/>\nAroma C\u00edtrico<br \/>\nEmpaque individual Botella con etiqueta<br \/>\nIndividuales<br \/>\nC\u00f3digo Clave Contenido<\/p>\n","protected":false},"excerpt":{"rendered":"<p>Ficha familia Para muebles, pisos de madera y vinil Nutre, protege y da brillo a la madera seca o maltratada<\/p>\n","protected":false},"featured_media":92870,"comment_status":"closed","ping_status":"open","template":"","meta":[],"product_brand":[],"product_cat":[15],"product_tag":[],"class_list":{"0":"post-92869","1":"product","2":"type-product","3":"status-publish","4":"has-post-thumbnail","6":"product_cat-uncategorized","8":"first","9":"instock","10":"purchasable","11":"product-type-simple"},"jetpack_sharing_enabled":true,"_links":{"self":[{"href":"https:\/\/www.veneciacr.com\/index.php\/wp-json\/wp\/v2\/product\/92869","targetHints":{"allow":["GET"]}}],"collection":[{"href":"https:\/\/www.veneciacr.com\/index.php\/wp-json\/wp\/v2\/product"}],"about":[{"href":"https:\/\/www.veneciacr.com\/index.php\/wp-json\/wp\/v2\/types\/product"}],"replies":[{"embeddable":true,"href":"https:\/\/www.veneciacr.com\/index.php\/wp-json\/wp\/v2\/comments?post=92869"}],"wp:featuredmedia":[{"embeddable":true,"href":"https:\/\/www.veneciacr.com\/index.php\/wp-json\/wp\/v2\/media\/92870"}],"wp:attachment":[{"href":"https:\/\/www.veneciacr.com\/index.php\/wp-json\/wp\/v2\/media?parent=92869"}],"wp:term":[{"taxonomy":"product_brand","embeddable":true,"href":"https:\/\/www.veneciacr.com\/index.php\/wp-json\/wp\/v2\/product_brand?post=92869"},{"taxonomy":"product_cat","embeddable":true,"href":"https:\/\/www.veneciacr.com\/index.php\/wp-json\/wp\/v2\/product_cat?post=92869"},{"taxonomy":"product_tag","embeddable":true,"href":"https:\/\/www.veneciacr.com\/index.php\/wp-json\/wp\/v2\/product_tag?post=92869"}],"curies":[{"name":"wp","href":"https:\/\/api.w.org\/{rel}","templated":true}]}}