{"id":92858,"date":"2026-04-21T02:23:39","date_gmt":"2026-04-21T08:23:39","guid":{"rendered":"https:\/\/www.veneciacr.com\/index.php\/producto\/tope-puerta-piso-bronce-todo-2-hermex\/"},"modified":"2026-04-21T02:23:40","modified_gmt":"2026-04-21T08:23:40","slug":"tope-puerta-piso-bronce-todo-2-hermex","status":"publish","type":"product","link":"https:\/\/www.veneciacr.com\/index.php\/producto\/tope-puerta-piso-bronce-todo-2-hermex\/","title":{"rendered":"TOPE PUERTA PISO BRONCE TODO-2 HERMEX"},"content":{"rendered":"<p>Met\u00e1lico<\/p>\n<p>Con protecci\u00f3n de hule<\/p>\n<p>Se instala en piso<\/p>\n<p>Para puertas, ayuda a prevenir da\u00f1os en paredes<\/p>\n<p>Archivos descargables:<\/p>\n","protected":false},"excerpt":{"rendered":"<p>Met\u00e1lico Con protecci\u00f3n de hule Se instala en piso Para puertas, ayuda a prevenir da\u00f1os en paredes Archivos descargables:<\/p>\n","protected":false},"featured_media":92859,"comment_status":"closed","ping_status":"open","template":"","meta":[],"product_brand":[],"product_cat":[15],"product_tag":[],"class_list":{"0":"post-92858","1":"product","2":"type-product","3":"status-publish","4":"has-post-thumbnail","6":"product_cat-uncategorized","8":"first","9":"instock","10":"purchasable","11":"product-type-simple"},"jetpack_sharing_enabled":true,"_links":{"self":[{"href":"https:\/\/www.veneciacr.com\/index.php\/wp-json\/wp\/v2\/product\/92858","targetHints":{"allow":["GET"]}}],"collection":[{"href":"https:\/\/www.veneciacr.com\/index.php\/wp-json\/wp\/v2\/product"}],"about":[{"href":"https:\/\/www.veneciacr.com\/index.php\/wp-json\/wp\/v2\/types\/product"}],"replies":[{"embeddable":true,"href":"https:\/\/www.veneciacr.com\/index.php\/wp-json\/wp\/v2\/comments?post=92858"}],"wp:featuredmedia":[{"embeddable":true,"href":"https:\/\/www.veneciacr.com\/index.php\/wp-json\/wp\/v2\/media\/92859"}],"wp:attachment":[{"href":"https:\/\/www.veneciacr.com\/index.php\/wp-json\/wp\/v2\/media?parent=92858"}],"wp:term":[{"taxonomy":"product_brand","embeddable":true,"href":"https:\/\/www.veneciacr.com\/index.php\/wp-json\/wp\/v2\/product_brand?post=92858"},{"taxonomy":"product_cat","embeddable":true,"href":"https:\/\/www.veneciacr.com\/index.php\/wp-json\/wp\/v2\/product_cat?post=92858"},{"taxonomy":"product_tag","embeddable":true,"href":"https:\/\/www.veneciacr.com\/index.php\/wp-json\/wp\/v2\/product_tag?post=92858"}],"curies":[{"name":"wp","href":"https:\/\/api.w.org\/{rel}","templated":true}]}}