{"id":92784,"date":"2026-04-21T02:26:07","date_gmt":"2026-04-21T08:26:07","guid":{"rendered":"https:\/\/www.veneciacr.com\/index.php\/producto\/carretilla-manual-pleg-100kg-wwb9a10-wadfow\/"},"modified":"2026-04-21T02:26:10","modified_gmt":"2026-04-21T08:26:10","slug":"perra-plegable-100kg-wwb9a10-wadfow","status":"publish","type":"product","link":"https:\/\/www.veneciacr.com\/index.php\/producto\/perra-plegable-100kg-wwb9a10-wadfow\/","title":{"rendered":"PERRA PLEGABLE 100KG WWB9A10 WADFOW"},"content":{"rendered":"<p>-Material: tubo de acero y placa de pie de aluminio<\/p>\n<p>-Tama\u00f1o extendido: 520x485x1110 mm<\/p>\n<p>-Tama\u00f1o plegado: 60x485x830 mm<\/p>\n<p>-Tama\u00f1o de la placa de pie: 350\u00d7485 mm<\/p>\n<p>-Di\u00e1metro de la rueda: 175 mm (PP+pl\u00e1stico TPR silencioso)<\/p>\n<p>-Capacidad de carga: 100 kg<\/p>\n<p>-Agarre suave para mayor comodidad<\/p>\n<p>-Los principales puntos de tensi\u00f3n del pl\u00e1stico est\u00e1n hechos de nailon duradero; otros son de pl\u00e1stico PP<\/p>\n<p>-Dise\u00f1o compacto: f\u00e1cil de almacenar en casi cualquier lugar<\/p>\n<p>-Incluye cuerda el\u00e1stica<\/p>\n","protected":false},"excerpt":{"rendered":"<p>-Material: tubo de acero y placa de pie de aluminio -Tama\u00f1o extendido: 520x485x1110 mm -Tama\u00f1o plegado: 60x485x830 mm -Tama\u00f1o de<\/p>\n","protected":false},"featured_media":92785,"comment_status":"closed","ping_status":"open","template":"","meta":[],"product_brand":[],"product_cat":[15],"product_tag":[],"class_list":{"0":"post-92784","1":"product","2":"type-product","3":"status-publish","4":"has-post-thumbnail","6":"product_cat-uncategorized","8":"first","9":"instock","10":"purchasable","11":"product-type-simple"},"jetpack_sharing_enabled":true,"_links":{"self":[{"href":"https:\/\/www.veneciacr.com\/index.php\/wp-json\/wp\/v2\/product\/92784","targetHints":{"allow":["GET"]}}],"collection":[{"href":"https:\/\/www.veneciacr.com\/index.php\/wp-json\/wp\/v2\/product"}],"about":[{"href":"https:\/\/www.veneciacr.com\/index.php\/wp-json\/wp\/v2\/types\/product"}],"replies":[{"embeddable":true,"href":"https:\/\/www.veneciacr.com\/index.php\/wp-json\/wp\/v2\/comments?post=92784"}],"wp:featuredmedia":[{"embeddable":true,"href":"https:\/\/www.veneciacr.com\/index.php\/wp-json\/wp\/v2\/media\/92785"}],"wp:attachment":[{"href":"https:\/\/www.veneciacr.com\/index.php\/wp-json\/wp\/v2\/media?parent=92784"}],"wp:term":[{"taxonomy":"product_brand","embeddable":true,"href":"https:\/\/www.veneciacr.com\/index.php\/wp-json\/wp\/v2\/product_brand?post=92784"},{"taxonomy":"product_cat","embeddable":true,"href":"https:\/\/www.veneciacr.com\/index.php\/wp-json\/wp\/v2\/product_cat?post=92784"},{"taxonomy":"product_tag","embeddable":true,"href":"https:\/\/www.veneciacr.com\/index.php\/wp-json\/wp\/v2\/product_tag?post=92784"}],"curies":[{"name":"wp","href":"https:\/\/api.w.org\/{rel}","templated":true}]}}