{"id":92629,"date":"2026-04-21T02:26:14","date_gmt":"2026-04-21T08:26:14","guid":{"rendered":"https:\/\/www.veneciacr.com\/index.php\/producto\/rejilla-ventilacion-ducto-3-drv-p3-miber\/"},"modified":"2026-04-21T02:26:16","modified_gmt":"2026-04-21T08:26:16","slug":"rejilla-ventilacion-ducto-3-drv-p3-miber","status":"publish","type":"product","link":"https:\/\/www.veneciacr.com\/index.php\/producto\/rejilla-ventilacion-ducto-3-drv-p3-miber\/","title":{"rendered":"REJILLA VENTILACION DUCTO 3&#8243; DRV-P3 MIBER"},"content":{"rendered":"<p>La rejilla de ventilaci\u00f3n pl\u00e1stica cuadrada DRV-P3 de MIBER es un producto dise\u00f1ado para proporcionar una ventilaci\u00f3n eficiente y segura. Fabricada con pl\u00e1stico duradero y resistente, esta rejilla cuenta con una compuerta que se abre autom\u00e1ticamente en respuesta a cambios de presi\u00f3n y se cierra por gravedad para evitar el paso de elementos no deseados. Sus aletas curvas y abatibles permiten una mejor circulaci\u00f3n del aire. Con una amplia gama de temperatura de uso, desde -50 \u00b0C hasta 70 \u00b0C, es ideal para aplicaciones que requieren la extracci\u00f3n de vapor, humo y gases ligeros. La rejilla de ventilaci\u00f3n DRV-P3 es una soluci\u00f3n confiable y vers\u00e1til para mejorar la calidad del aire en diversos entornos.<\/p>\n","protected":false},"excerpt":{"rendered":"<p>La rejilla de ventilaci\u00f3n pl\u00e1stica cuadrada DRV-P3 de MIBER es un producto dise\u00f1ado para proporcionar una ventilaci\u00f3n eficiente y segura.<\/p>\n","protected":false},"featured_media":92630,"comment_status":"closed","ping_status":"open","template":"","meta":[],"product_brand":[],"product_cat":[15],"product_tag":[],"class_list":{"0":"post-92629","1":"product","2":"type-product","3":"status-publish","4":"has-post-thumbnail","6":"product_cat-uncategorized","8":"first","9":"instock","10":"purchasable","11":"product-type-simple"},"jetpack_sharing_enabled":true,"_links":{"self":[{"href":"https:\/\/www.veneciacr.com\/index.php\/wp-json\/wp\/v2\/product\/92629","targetHints":{"allow":["GET"]}}],"collection":[{"href":"https:\/\/www.veneciacr.com\/index.php\/wp-json\/wp\/v2\/product"}],"about":[{"href":"https:\/\/www.veneciacr.com\/index.php\/wp-json\/wp\/v2\/types\/product"}],"replies":[{"embeddable":true,"href":"https:\/\/www.veneciacr.com\/index.php\/wp-json\/wp\/v2\/comments?post=92629"}],"wp:featuredmedia":[{"embeddable":true,"href":"https:\/\/www.veneciacr.com\/index.php\/wp-json\/wp\/v2\/media\/92630"}],"wp:attachment":[{"href":"https:\/\/www.veneciacr.com\/index.php\/wp-json\/wp\/v2\/media?parent=92629"}],"wp:term":[{"taxonomy":"product_brand","embeddable":true,"href":"https:\/\/www.veneciacr.com\/index.php\/wp-json\/wp\/v2\/product_brand?post=92629"},{"taxonomy":"product_cat","embeddable":true,"href":"https:\/\/www.veneciacr.com\/index.php\/wp-json\/wp\/v2\/product_cat?post=92629"},{"taxonomy":"product_tag","embeddable":true,"href":"https:\/\/www.veneciacr.com\/index.php\/wp-json\/wp\/v2\/product_tag?post=92629"}],"curies":[{"name":"wp","href":"https:\/\/api.w.org\/{rel}","templated":true}]}}