{"id":92603,"date":"2026-04-21T02:26:36","date_gmt":"2026-04-21T08:26:36","guid":{"rendered":"https:\/\/www.veneciacr.com\/index.php\/producto\/senal-precaucion-piso-mojado-wyj4a60-wadfow\/"},"modified":"2026-04-21T02:26:38","modified_gmt":"2026-04-21T08:26:38","slug":"senal-precaucion-piso-mojado-wyj4a60s-wadfow","status":"publish","type":"product","link":"https:\/\/www.veneciacr.com\/index.php\/producto\/senal-precaucion-piso-mojado-wyj4a60s-wadfow\/","title":{"rendered":"SENAL PRECAUCION PISO MOJADO WYJ4A60S WADFOW"},"content":{"rendered":"<p>-Tama\u00f1o: 625 \u00d7 330 \u00d7 215 mm<\/p>\n<p>-Peso: 810 g<\/p>\n","protected":false},"excerpt":{"rendered":"<p>-Tama\u00f1o: 625 \u00d7 330 \u00d7 215 mm -Peso: 810 g<\/p>\n","protected":false},"featured_media":92604,"comment_status":"closed","ping_status":"open","template":"","meta":[],"product_brand":[],"product_cat":[15],"product_tag":[],"class_list":{"0":"post-92603","1":"product","2":"type-product","3":"status-publish","4":"has-post-thumbnail","6":"product_cat-uncategorized","8":"first","9":"instock","10":"purchasable","11":"product-type-simple"},"jetpack_sharing_enabled":true,"_links":{"self":[{"href":"https:\/\/www.veneciacr.com\/index.php\/wp-json\/wp\/v2\/product\/92603","targetHints":{"allow":["GET"]}}],"collection":[{"href":"https:\/\/www.veneciacr.com\/index.php\/wp-json\/wp\/v2\/product"}],"about":[{"href":"https:\/\/www.veneciacr.com\/index.php\/wp-json\/wp\/v2\/types\/product"}],"replies":[{"embeddable":true,"href":"https:\/\/www.veneciacr.com\/index.php\/wp-json\/wp\/v2\/comments?post=92603"}],"wp:featuredmedia":[{"embeddable":true,"href":"https:\/\/www.veneciacr.com\/index.php\/wp-json\/wp\/v2\/media\/92604"}],"wp:attachment":[{"href":"https:\/\/www.veneciacr.com\/index.php\/wp-json\/wp\/v2\/media?parent=92603"}],"wp:term":[{"taxonomy":"product_brand","embeddable":true,"href":"https:\/\/www.veneciacr.com\/index.php\/wp-json\/wp\/v2\/product_brand?post=92603"},{"taxonomy":"product_cat","embeddable":true,"href":"https:\/\/www.veneciacr.com\/index.php\/wp-json\/wp\/v2\/product_cat?post=92603"},{"taxonomy":"product_tag","embeddable":true,"href":"https:\/\/www.veneciacr.com\/index.php\/wp-json\/wp\/v2\/product_tag?post=92603"}],"curies":[{"name":"wp","href":"https:\/\/api.w.org\/{rel}","templated":true}]}}