{"id":92563,"date":"2026-04-21T02:26:45","date_gmt":"2026-04-21T08:26:45","guid":{"rendered":"https:\/\/www.veneciacr.com\/index.php\/producto\/caja-herramientas-naranja-20-chp-20xc-truper\/"},"modified":"2026-04-21T02:26:45","modified_gmt":"2026-04-21T08:26:45","slug":"caja-herramientas-naranja-20-chp-20xc-truper","status":"publish","type":"product","link":"https:\/\/www.veneciacr.com\/index.php\/producto\/caja-herramientas-naranja-20-chp-20xc-truper\/","title":{"rendered":"CAJA HERRAMIENTAS NARANJA 20&#8243; CHP-20XC TRUPER"},"content":{"rendered":"<p>Fabricadas en polipropileno<\/p>\n<p>Broches met\u00e1licos con orificio para candado, que brinda mayor seguridad al contenido de la caja<\/p>\n<p>Compartimentos en la tapa para almacenar piezas peque\u00f1as sin necesidad de abrir la caja<\/p>\n<p>Manija con dise\u00f1o ergon\u00f3mico para transportar c\u00f3modamente<\/p>\n<p>Calidad industrial<\/p>\n<div class=\"col-6\">\n<div class=\"table-responsive tabla_border\">\n<table class=\"table table-bordered table_info_prod align-middle m-0\">\n<tbody>\n<tr id=\"tabla_especs\">\n<th class=\"tamanio_th_especs\" scope=\"row\">\n<p class=\"margen_tabla_especs\">Base<\/p>\n<\/th>\n<td>\n<p class=\"margen_tabla_especs\">20&#8243; (50 cm)<\/p>\n<\/td>\n<\/tr>\n<tr id=\"tabla_especs\">\n<th class=\"tamanio_th_especs\" scope=\"row\">\n<p class=\"margen_tabla_especs\">Alto<\/p>\n<\/th>\n<td>\n<p class=\"margen_tabla_especs\">9&#8243; (23 cm)<\/p>\n<\/td>\n<\/tr>\n<tr id=\"tabla_especs\">\n<th class=\"tamanio_th_especs\" scope=\"row\">\n<p class=\"margen_tabla_especs\">Empaque individual<\/p>\n<\/th>\n<td>\n<p class=\"margen_tabla_especs\">Etiqueta<\/p>\n<\/td>\n<\/tr>\n<tr id=\"tabla_especs\">\n<th class=\"tamanio_th_especs\" scope=\"row\"><\/th>\n<td><\/td>\n<\/tr>\n<\/tbody>\n<\/table>\n<\/div>\n<\/div>\n<div class=\"col-6\">\n<div class=\"table-responsive tabla_border\">\n<table class=\"table table-bordered table_info_prod align-middle m-0\">\n<tbody>\n<tr id=\"tabla_especs\">\n<th class=\"tamanio_th_especs\" scope=\"row\">\n<p class=\"margen_tabla_especs\">Fondo<\/p>\n<\/th>\n<td>\n<p class=\"margen_tabla_especs\">10 1\/2&#8243; (27 cm)<\/p>\n<\/td>\n<\/tr>\n<tr id=\"tabla_especs\">\n<th class=\"tamanio_th_especs\" scope=\"row\">\n<p class=\"margen_tabla_especs\">Peso<\/p>\n<\/th>\n<td>\n<p class=\"margen_tabla_especs\">2.6 kg<\/p>\n<\/td>\n<\/tr>\n<\/tbody>\n<\/table>\n<\/div>\n<\/div>\n<p>&nbsp;<\/p>\n","protected":false},"excerpt":{"rendered":"<p>Fabricadas en polipropileno Broches met\u00e1licos con orificio para candado, que brinda mayor seguridad al contenido de la caja Compartimentos en<\/p>\n","protected":false},"featured_media":95174,"comment_status":"closed","ping_status":"open","template":"","meta":[],"product_brand":[],"product_cat":[22,23],"product_tag":[],"class_list":{"0":"post-92563","1":"product","2":"type-product","3":"status-publish","4":"has-post-thumbnail","6":"product_cat-almacenamiento","7":"product_cat-herramientas","9":"first","10":"instock","11":"purchasable","12":"product-type-simple"},"jetpack_sharing_enabled":true,"_links":{"self":[{"href":"https:\/\/www.veneciacr.com\/index.php\/wp-json\/wp\/v2\/product\/92563","targetHints":{"allow":["GET"]}}],"collection":[{"href":"https:\/\/www.veneciacr.com\/index.php\/wp-json\/wp\/v2\/product"}],"about":[{"href":"https:\/\/www.veneciacr.com\/index.php\/wp-json\/wp\/v2\/types\/product"}],"replies":[{"embeddable":true,"href":"https:\/\/www.veneciacr.com\/index.php\/wp-json\/wp\/v2\/comments?post=92563"}],"wp:featuredmedia":[{"embeddable":true,"href":"https:\/\/www.veneciacr.com\/index.php\/wp-json\/wp\/v2\/media\/95174"}],"wp:attachment":[{"href":"https:\/\/www.veneciacr.com\/index.php\/wp-json\/wp\/v2\/media?parent=92563"}],"wp:term":[{"taxonomy":"product_brand","embeddable":true,"href":"https:\/\/www.veneciacr.com\/index.php\/wp-json\/wp\/v2\/product_brand?post=92563"},{"taxonomy":"product_cat","embeddable":true,"href":"https:\/\/www.veneciacr.com\/index.php\/wp-json\/wp\/v2\/product_cat?post=92563"},{"taxonomy":"product_tag","embeddable":true,"href":"https:\/\/www.veneciacr.com\/index.php\/wp-json\/wp\/v2\/product_tag?post=92563"}],"curies":[{"name":"wp","href":"https:\/\/api.w.org\/{rel}","templated":true}]}}