{"id":92556,"date":"2026-04-28T01:55:47","date_gmt":"2026-04-28T07:55:47","guid":{"rendered":"https:\/\/www.veneciacr.com\/index.php\/producto\/caballete-de-trabajo-100kg-par-wdz1510-wadfow\/"},"modified":"2026-04-28T01:55:48","modified_gmt":"2026-04-28T07:55:48","slug":"caballete-trabajo-100kg-par-wdz1510-wadfow","status":"publish","type":"product","link":"https:\/\/www.veneciacr.com\/index.php\/producto\/caballete-trabajo-100kg-par-wdz1510-wadfow\/","title":{"rendered":"CABALLETE TRABAJO 100KG PAR WDZ1510 WADFOW"},"content":{"rendered":"<p>CABALLETE TRABAJO 100KG PAR WDZ1510 WADFOW<\/p>\n<p>-Incluye: 2 piezas de caballo de sierra.<br \/>\n-Material: Acero.<br \/>\n-Capacidad: 125kg por caballo.<br \/>\n-Tama\u00f1o abierto: 995\u00d7480\u00d7780mm<br \/>\n-Tama\u00f1o del pliegue: 995x100x36mm<br \/>\n-Altura de trabajo: 780mm<br \/>\n-Ancho de trabajo: 100mm<br \/>\n-Con alfombrillas antideslizantes.<br \/>\n-Embalado en caja de color.<\/p>\n","protected":false},"excerpt":{"rendered":"<p>CABALLETE TRABAJO 100KG PAR WDZ1510 WADFOW -Incluye: 2 piezas de caballo de sierra. -Material: Acero. -Capacidad: 125kg por caballo. -Tama\u00f1o<\/p>\n","protected":false},"featured_media":94925,"comment_status":"closed","ping_status":"open","template":"","meta":[],"product_brand":[],"product_cat":[15],"product_tag":[],"class_list":{"0":"post-92556","1":"product","2":"type-product","3":"status-publish","4":"has-post-thumbnail","6":"product_cat-uncategorized","8":"first","9":"outofstock","10":"purchasable","11":"product-type-simple"},"jetpack_sharing_enabled":true,"_links":{"self":[{"href":"https:\/\/www.veneciacr.com\/index.php\/wp-json\/wp\/v2\/product\/92556","targetHints":{"allow":["GET"]}}],"collection":[{"href":"https:\/\/www.veneciacr.com\/index.php\/wp-json\/wp\/v2\/product"}],"about":[{"href":"https:\/\/www.veneciacr.com\/index.php\/wp-json\/wp\/v2\/types\/product"}],"replies":[{"embeddable":true,"href":"https:\/\/www.veneciacr.com\/index.php\/wp-json\/wp\/v2\/comments?post=92556"}],"wp:featuredmedia":[{"embeddable":true,"href":"https:\/\/www.veneciacr.com\/index.php\/wp-json\/wp\/v2\/media\/94925"}],"wp:attachment":[{"href":"https:\/\/www.veneciacr.com\/index.php\/wp-json\/wp\/v2\/media?parent=92556"}],"wp:term":[{"taxonomy":"product_brand","embeddable":true,"href":"https:\/\/www.veneciacr.com\/index.php\/wp-json\/wp\/v2\/product_brand?post=92556"},{"taxonomy":"product_cat","embeddable":true,"href":"https:\/\/www.veneciacr.com\/index.php\/wp-json\/wp\/v2\/product_cat?post=92556"},{"taxonomy":"product_tag","embeddable":true,"href":"https:\/\/www.veneciacr.com\/index.php\/wp-json\/wp\/v2\/product_tag?post=92556"}],"curies":[{"name":"wp","href":"https:\/\/api.w.org\/{rel}","templated":true}]}}