{"id":92537,"date":"2026-04-29T01:58:14","date_gmt":"2026-04-29T07:58:14","guid":{"rendered":"https:\/\/www.veneciacr.com\/index.php\/producto\/linterna-bateria-20v-20w-s-b-twli2025-total\/"},"modified":"2026-04-29T01:58:14","modified_gmt":"2026-04-29T07:58:14","slug":"linterna-20v-20w-sin-bateria-twli2025-total","status":"publish","type":"product","link":"https:\/\/www.veneciacr.com\/index.php\/producto\/linterna-20v-20w-sin-bateria-twli2025-total\/","title":{"rendered":"LINTERNA 20V 20W SIN BATERIA TWLI2025 TOTAL"},"content":{"rendered":"<p>-Disipaci\u00f3n de energ\u00eda LED: 20W<\/p>\n<p>-Lumen: Alto: 1800, Bajo: 900<\/p>\n<p>-No incluye bater\u00eda ni cargador.<\/p>\n<p>-Caracter\u00edsticas: Con brillo ajustable, dise\u00f1o compacto con el asa y el marco que brindan combinaci\u00f3n perfecta.<\/p>\n<p>-Voltaje: 20 V<\/p>\n","protected":false},"excerpt":{"rendered":"<p>-Disipaci\u00f3n de energ\u00eda LED: 20W -Lumen: Alto: 1800, Bajo: 900 -No incluye bater\u00eda ni cargador. -Caracter\u00edsticas: Con brillo ajustable, dise\u00f1o<\/p>\n","protected":false},"featured_media":92538,"comment_status":"closed","ping_status":"open","template":"","meta":[],"product_brand":[],"product_cat":[23,87],"product_tag":[],"class_list":{"0":"post-92537","1":"product","2":"type-product","3":"status-publish","4":"has-post-thumbnail","6":"product_cat-herramientas","7":"product_cat-herramientas-electricas","9":"first","10":"instock","11":"purchasable","12":"product-type-simple"},"jetpack_sharing_enabled":true,"_links":{"self":[{"href":"https:\/\/www.veneciacr.com\/index.php\/wp-json\/wp\/v2\/product\/92537","targetHints":{"allow":["GET"]}}],"collection":[{"href":"https:\/\/www.veneciacr.com\/index.php\/wp-json\/wp\/v2\/product"}],"about":[{"href":"https:\/\/www.veneciacr.com\/index.php\/wp-json\/wp\/v2\/types\/product"}],"replies":[{"embeddable":true,"href":"https:\/\/www.veneciacr.com\/index.php\/wp-json\/wp\/v2\/comments?post=92537"}],"wp:featuredmedia":[{"embeddable":true,"href":"https:\/\/www.veneciacr.com\/index.php\/wp-json\/wp\/v2\/media\/92538"}],"wp:attachment":[{"href":"https:\/\/www.veneciacr.com\/index.php\/wp-json\/wp\/v2\/media?parent=92537"}],"wp:term":[{"taxonomy":"product_brand","embeddable":true,"href":"https:\/\/www.veneciacr.com\/index.php\/wp-json\/wp\/v2\/product_brand?post=92537"},{"taxonomy":"product_cat","embeddable":true,"href":"https:\/\/www.veneciacr.com\/index.php\/wp-json\/wp\/v2\/product_cat?post=92537"},{"taxonomy":"product_tag","embeddable":true,"href":"https:\/\/www.veneciacr.com\/index.php\/wp-json\/wp\/v2\/product_tag?post=92537"}],"curies":[{"name":"wp","href":"https:\/\/api.w.org\/{rel}","templated":true}]}}