{"id":92535,"date":"2026-04-21T02:26:57","date_gmt":"2026-04-21T08:26:57","guid":{"rendered":"https:\/\/www.veneciacr.com\/index.php\/producto\/sopladora-aspiradora-400w-utb2046-total\/"},"modified":"2026-04-21T02:26:59","modified_gmt":"2026-04-21T08:26:59","slug":"sopladora-aspiradora-400w-utb2046-total","status":"publish","type":"product","link":"https:\/\/www.veneciacr.com\/index.php\/producto\/sopladora-aspiradora-400w-utb2046-total\/","title":{"rendered":"SOPLADORA\/ASPIRADORA 400W UTB2046 TOTAL"},"content":{"rendered":"<p>-\u00bfD\u00f3nde usarlo? Automotriz, dom\u00e9stica, oficina, taller, fabricaci\u00f3n general, construcci\u00f3n.<\/p>\n<p>-Material: Pl\u00e1stico \u2013 Metal<\/p>\n<p>-Fase: Monof\u00e1sico<\/p>\n<p>-Velocidad sin carga: 14000\/min.<\/p>\n<p>-Frecuencia: 50\/60Hz.<\/p>\n<p>-Medida: 5\/8\u2033-11<\/p>\n<p>-Velocidad m\u00e1x. de soplado: 3.0m3\/min<\/p>\n<p>-Incluye: Bolsa de polvo.<\/p>\n<p>-Peso (kg): 1.75 kg.<\/p>\n<p>&nbsp;<\/p>\n","protected":false},"excerpt":{"rendered":"<p>-\u00bfD\u00f3nde usarlo? Automotriz, dom\u00e9stica, oficina, taller, fabricaci\u00f3n general, construcci\u00f3n. -Material: Pl\u00e1stico \u2013 Metal -Fase: Monof\u00e1sico -Velocidad sin carga: 14000\/min. -Frecuencia:<\/p>\n","protected":false},"featured_media":92536,"comment_status":"closed","ping_status":"open","template":"","meta":[],"product_brand":[],"product_cat":[23,87],"product_tag":[],"class_list":{"0":"post-92535","1":"product","2":"type-product","3":"status-publish","4":"has-post-thumbnail","6":"product_cat-herramientas","7":"product_cat-herramientas-electricas","9":"first","10":"outofstock","11":"purchasable","12":"product-type-simple"},"jetpack_sharing_enabled":true,"_links":{"self":[{"href":"https:\/\/www.veneciacr.com\/index.php\/wp-json\/wp\/v2\/product\/92535","targetHints":{"allow":["GET"]}}],"collection":[{"href":"https:\/\/www.veneciacr.com\/index.php\/wp-json\/wp\/v2\/product"}],"about":[{"href":"https:\/\/www.veneciacr.com\/index.php\/wp-json\/wp\/v2\/types\/product"}],"replies":[{"embeddable":true,"href":"https:\/\/www.veneciacr.com\/index.php\/wp-json\/wp\/v2\/comments?post=92535"}],"wp:featuredmedia":[{"embeddable":true,"href":"https:\/\/www.veneciacr.com\/index.php\/wp-json\/wp\/v2\/media\/92536"}],"wp:attachment":[{"href":"https:\/\/www.veneciacr.com\/index.php\/wp-json\/wp\/v2\/media?parent=92535"}],"wp:term":[{"taxonomy":"product_brand","embeddable":true,"href":"https:\/\/www.veneciacr.com\/index.php\/wp-json\/wp\/v2\/product_brand?post=92535"},{"taxonomy":"product_cat","embeddable":true,"href":"https:\/\/www.veneciacr.com\/index.php\/wp-json\/wp\/v2\/product_cat?post=92535"},{"taxonomy":"product_tag","embeddable":true,"href":"https:\/\/www.veneciacr.com\/index.php\/wp-json\/wp\/v2\/product_tag?post=92535"}],"curies":[{"name":"wp","href":"https:\/\/api.w.org\/{rel}","templated":true}]}}