{"id":92519,"date":"2026-04-21T02:26:54","date_gmt":"2026-04-21T08:26:54","guid":{"rendered":"https:\/\/www.veneciacr.com\/index.php\/producto\/rotomartillo-demoledor-sds-plus-1500w-uth1153226-total\/"},"modified":"2026-04-21T02:26:54","modified_gmt":"2026-04-21T08:26:54","slug":"rotomartillo-sds-plus-1500w-uth1153226-total","status":"publish","type":"product","link":"https:\/\/www.veneciacr.com\/index.php\/producto\/rotomartillo-sds-plus-1500w-uth1153226-total\/","title":{"rendered":"ROTOMARTILLO SDS PLUS 1500W UTH1153226 TOTAL"},"content":{"rendered":"<p>-Peso (Kg): 8.05kg<\/p>\n<p>-Fase: Monof\u00e1sico<\/p>\n<p>-Mandril: SDS Plus<\/p>\n<p>-Material: Pl\u00e1stico \u2013 Metal<\/p>\n<p>-Motor: Con escobilla<\/p>\n<p>-Potencia: 1500W<\/p>\n<p>-Encendido: Gatillo<\/p>\n<p>-Estilo de Mango: Ergon\u00f3mico en forma de pistola<\/p>\n<p>-Energ\u00eda de impacto (J): 5.5J<\/p>\n<p>-Velocidad de impacto (BPM): 4400\/min<\/p>\n<p>-Velocidad: Sin carga 850\/min<\/p>\n<p>-Frecuencia: 50\/60Hz<\/p>\n<p>-M\u00e1ximo Di\u00e1metro de Perforaci\u00f3n: Concreto 32 mm, Madera 40 mm, Acero 13 mm<\/p>\n<p>-Incluye: 3 brocas, 2 cinceles y malet\u00edn<\/p>\n","protected":false},"excerpt":{"rendered":"<p>-Peso (Kg): 8.05kg -Fase: Monof\u00e1sico -Mandril: SDS Plus -Material: Pl\u00e1stico \u2013 Metal -Motor: Con escobilla -Potencia: 1500W -Encendido: Gatillo -Estilo<\/p>\n","protected":false},"featured_media":92520,"comment_status":"closed","ping_status":"open","template":"","meta":[],"product_brand":[],"product_cat":[23,87],"product_tag":[],"class_list":{"0":"post-92519","1":"product","2":"type-product","3":"status-publish","4":"has-post-thumbnail","6":"product_cat-herramientas","7":"product_cat-herramientas-electricas","9":"first","10":"instock","11":"purchasable","12":"product-type-simple"},"jetpack_sharing_enabled":true,"_links":{"self":[{"href":"https:\/\/www.veneciacr.com\/index.php\/wp-json\/wp\/v2\/product\/92519","targetHints":{"allow":["GET"]}}],"collection":[{"href":"https:\/\/www.veneciacr.com\/index.php\/wp-json\/wp\/v2\/product"}],"about":[{"href":"https:\/\/www.veneciacr.com\/index.php\/wp-json\/wp\/v2\/types\/product"}],"replies":[{"embeddable":true,"href":"https:\/\/www.veneciacr.com\/index.php\/wp-json\/wp\/v2\/comments?post=92519"}],"wp:featuredmedia":[{"embeddable":true,"href":"https:\/\/www.veneciacr.com\/index.php\/wp-json\/wp\/v2\/media\/92520"}],"wp:attachment":[{"href":"https:\/\/www.veneciacr.com\/index.php\/wp-json\/wp\/v2\/media?parent=92519"}],"wp:term":[{"taxonomy":"product_brand","embeddable":true,"href":"https:\/\/www.veneciacr.com\/index.php\/wp-json\/wp\/v2\/product_brand?post=92519"},{"taxonomy":"product_cat","embeddable":true,"href":"https:\/\/www.veneciacr.com\/index.php\/wp-json\/wp\/v2\/product_cat?post=92519"},{"taxonomy":"product_tag","embeddable":true,"href":"https:\/\/www.veneciacr.com\/index.php\/wp-json\/wp\/v2\/product_tag?post=92519"}],"curies":[{"name":"wp","href":"https:\/\/api.w.org\/{rel}","templated":true}]}}